{"id":3204,"date":"2021-12-07T12:27:40","date_gmt":"2021-12-07T10:27:40","guid":{"rendered":"https:\/\/www.flexihub.com.pl\/sprzatanie-i-utrzymanie-terenow-zielonych\/"},"modified":"2026-04-21T01:29:27","modified_gmt":"2026-04-20T23:29:27","slug":"sprzatanie-i-utrzymanie-terenow-zielonych","status":"publish","type":"page","link":"https:\/\/www.flexihub.com.pl\/pl\/sprzatanie-i-utrzymanie-terenow-zielonych\/","title":{"rendered":"Sprz\u0105tanie i utrzymanie teren\u00f3w zielonych"},"content":{"rendered":"\t\t<div data-elementor-type=\"wp-page\" data-elementor-id=\"3204\" class=\"elementor elementor-3204\">\n\t\t\t\t<div class=\"elementor-element elementor-element-6dedb684 e-con-full e-flex e-con e-parent\" data-id=\"6dedb684\" data-element_type=\"container\" data-e-type=\"container\">\n\t\t\t\t<div class=\"elementor-element elementor-element-3ef37e02 elementor-widget elementor-widget-heading bdevs-el heading\" data-id=\"3ef37e02\" data-element_type=\"widget\" data-e-type=\"widget\" data-settings=\"{&quot;design_style&quot;:&quot;style_1&quot;}\" data-widget_type=\"heading.default\">\n\t\t\t\t<div class=\"elementor-widget-container\">\n\t\t\t\t\t\n        \n                                    <div class=\"section-title-wrapper section-title-pl-55 bdevs-el-content\">\n                                                <h3 class=\"section-title bdevs-el-title  bdevs-el-btn\">The Finishing Touch. The Standard of Care.<\/h3>                                            <\/div>\n\n                            \n    \t\t\t\t<\/div>\n\t\t\t\t<\/div>\n\t\t\t\t<div class=\"elementor-element elementor-element-5a5dcf14 elementor-widget elementor-widget-text-editor\" data-id=\"5a5dcf14\" data-element_type=\"widget\" data-e-type=\"widget\" data-widget_type=\"text-editor.default\">\n\t\t\t\t\t\t\t\t\t<p>A project is only truly complete when it is ready for immediate use and looks its absolute best. <b data-path-to-node=\"4\" data-index-in-node=\"97\">FlexiHub<\/b> provides specialized cleaning and maintenance services designed specifically for the construction and commercial sectors. From the intense cleanup required after heavy construction to the long-term maintenance of your property\u2019s surroundings, we ensure your assets remain pristine and well-managed.<\/p>\t\t\t\t\t\t\t\t<\/div>\n\t\t\t\t<div class=\"elementor-element elementor-element-4b875a67 elementor-widget elementor-widget-heading bdevs-el heading\" data-id=\"4b875a67\" data-element_type=\"widget\" data-e-type=\"widget\" data-settings=\"{&quot;design_style&quot;:&quot;style_1&quot;}\" data-widget_type=\"heading.default\">\n\t\t\t\t<div class=\"elementor-widget-container\">\n\t\t\t\t\t\n        \n                                    <div class=\"section-title-wrapper section-title-pl-55 bdevs-el-content\">\n                                                <h3 class=\"section-title bdevs-el-title  bdevs-el-btn\">Our Cleaning &amp; Maintenance Services<\/h3>                                            <\/div>\n\n                            \n    \t\t\t\t<\/div>\n\t\t\t\t<\/div>\n\t\t<div class=\"elementor-element elementor-element-95adf5b e-con-full e-grid e-con e-child\" data-id=\"95adf5b\" data-element_type=\"container\" data-e-type=\"container\">\n\t\t<div class=\"elementor-element elementor-element-1f827651 e-con-full e-flex e-con e-child\" data-id=\"1f827651\" data-element_type=\"container\" data-e-type=\"container\">\n\t\t\t\t<div class=\"elementor-element elementor-element-1224d97d elementor-widget elementor-widget-image\" data-id=\"1224d97d\" data-element_type=\"widget\" data-e-type=\"widget\" data-widget_type=\"image.default\">\n\t\t\t\t\t\t\t\t\t\t\t\t\t\t\t<img fetchpriority=\"high\" decoding=\"async\" width=\"640\" height=\"427\" src=\"https:\/\/www.flexihub.com.pl\/wp-content\/uploads\/2026\/04\/holding-bucket-of-cleaning-supplies-1024x683.jpg\" class=\"attachment-large size-large wp-image-3004\" alt=\"\" srcset=\"https:\/\/www.flexihub.com.pl\/wp-content\/uploads\/2026\/04\/holding-bucket-of-cleaning-supplies-1024x683.jpg 1024w, https:\/\/www.flexihub.com.pl\/wp-content\/uploads\/2026\/04\/holding-bucket-of-cleaning-supplies-300x200.jpg 300w, https:\/\/www.flexihub.com.pl\/wp-content\/uploads\/2026\/04\/holding-bucket-of-cleaning-supplies-768x512.jpg 768w, https:\/\/www.flexihub.com.pl\/wp-content\/uploads\/2026\/04\/holding-bucket-of-cleaning-supplies-1536x1024.jpg 1536w, https:\/\/www.flexihub.com.pl\/wp-content\/uploads\/2026\/04\/holding-bucket-of-cleaning-supplies-2048x1365.jpg 2048w\" sizes=\"(max-width: 640px) 100vw, 640px\" \/>\t\t\t\t\t\t\t\t\t\t\t\t\t\t\t<\/div>\n\t\t\t\t<\/div>\n\t\t<div class=\"elementor-element elementor-element-65376959 e-con-full e-flex e-con e-child\" data-id=\"65376959\" data-element_type=\"container\" data-e-type=\"container\">\n\t\t\t\t<div class=\"elementor-element elementor-element-d322d43 elementor-widget elementor-widget-heading bdevs-el heading\" data-id=\"d322d43\" data-element_type=\"widget\" data-e-type=\"widget\" data-settings=\"{&quot;design_style&quot;:&quot;style_1&quot;}\" data-widget_type=\"heading.default\">\n\t\t\t\t<div class=\"elementor-widget-container\">\n\t\t\t\t\t\n        \n                                    <div class=\"section-title-wrapper section-title-pl-55 bdevs-el-content\">\n                                                <h3 class=\"section-title bdevs-el-title  bdevs-el-btn\">1. Post-Construction &amp; Industrial Cleaning<\/h3>                                            <\/div>\n\n                            \n    \t\t\t\t<\/div>\n\t\t\t\t<\/div>\n\t\t\t\t<div class=\"elementor-element elementor-element-6adc14c8 elementor-widget elementor-widget-text-editor\" data-id=\"6adc14c8\" data-element_type=\"widget\" data-e-type=\"widget\" data-widget_type=\"text-editor.default\">\n\t\t\t\t\t\t\t\t\t<p data-path-to-node=\"8\">Construction leaves behind more than just dust. Our specialized teams use industrial-grade equipment to remove debris, fine particulates, and chemical residues, preparing your building for handover or occupancy.<\/p><ul data-path-to-node=\"9\"><li><p data-path-to-node=\"9,0,0\"><b data-path-to-node=\"9,0,0\" data-index-in-node=\"0\">Deep Cleanup:<\/b> Removal of paint splashes, plaster dust, and adhesive residues.<\/p><\/li><li><p data-path-to-node=\"9,1,0\"><b data-path-to-node=\"9,1,0\" data-index-in-node=\"0\">Window &amp; Facade Cleaning:<\/b> Professional glass and exterior surface washing, including hard-to-reach areas.<\/p><\/li><li><p data-path-to-node=\"9,2,0\"><b data-path-to-node=\"9,2,0\" data-index-in-node=\"0\">Floor Treatment:<\/b> Industrial vacuuming, scrubbing, and protective sealing for various floor types (concrete, resin, tile).<\/p><\/li><\/ul>\t\t\t\t\t\t\t\t<\/div>\n\t\t\t\t<\/div>\n\t\t\t\t<\/div>\n\t\t<div class=\"elementor-element elementor-element-6fa7957c e-con-full e-grid e-con e-child\" data-id=\"6fa7957c\" data-element_type=\"container\" data-e-type=\"container\">\n\t\t<div class=\"elementor-element elementor-element-65b3825e e-con-full e-flex e-con e-child\" data-id=\"65b3825e\" data-element_type=\"container\" data-e-type=\"container\">\n\t\t\t\t<div class=\"elementor-element elementor-element-710c5b63 elementor-widget elementor-widget-heading bdevs-el heading\" data-id=\"710c5b63\" data-element_type=\"widget\" data-e-type=\"widget\" data-settings=\"{&quot;design_style&quot;:&quot;style_1&quot;}\" data-widget_type=\"heading.default\">\n\t\t\t\t<div class=\"elementor-widget-container\">\n\t\t\t\t\t\n        \n                                    <div class=\"section-title-wrapper section-title-pl-55 bdevs-el-content\">\n                                                <h3 class=\"section-title bdevs-el-title  bdevs-el-btn\">2. Green Area &amp; Landscape Maintenance<\/h3>                                            <\/div>\n\n                            \n    \t\t\t\t<\/div>\n\t\t\t\t<\/div>\n\t\t\t\t<div class=\"elementor-element elementor-element-3a400f54 elementor-widget elementor-widget-text-editor\" data-id=\"3a400f54\" data-element_type=\"widget\" data-e-type=\"widget\" data-widget_type=\"text-editor.default\">\n\t\t\t\t\t\t\t\t\t<p data-path-to-node=\"11\">The exterior of your property is the first thing people see. We provide professional care for your landscape to ensure it remains healthy, vibrant, and welcoming throughout the seasons.<\/p><ul data-path-to-node=\"12\"><li><p data-path-to-node=\"12,0,0\"><b data-path-to-node=\"12,0,0\" data-index-in-node=\"0\">Seasonal Care:<\/b> Lawn mowing, hedge trimming, and weed control.<\/p><\/li><li><p data-path-to-node=\"12,1,0\"><b data-path-to-node=\"12,1,0\" data-index-in-node=\"0\">Planting &amp; Upkeep:<\/b> Tree care, flower bed maintenance, and soil fertilization.<\/p><\/li><li><p data-path-to-node=\"12,2,0\"><b data-path-to-node=\"12,2,0\" data-index-in-node=\"0\">Clean Grounds:<\/b> Leaf removal, snow clearing, and general litter control for parking lots and walkways.<\/p><\/li><\/ul>\t\t\t\t\t\t\t\t<\/div>\n\t\t\t\t<\/div>\n\t\t<div class=\"elementor-element elementor-element-2e7abf43 e-con-full e-flex e-con e-child\" data-id=\"2e7abf43\" data-element_type=\"container\" data-e-type=\"container\">\n\t\t\t\t<div class=\"elementor-element elementor-element-76b3da7c elementor-widget elementor-widget-image\" data-id=\"76b3da7c\" data-element_type=\"widget\" data-e-type=\"widget\" data-widget_type=\"image.default\">\n\t\t\t\t\t\t\t\t\t\t\t\t\t\t\t<img decoding=\"async\" width=\"640\" height=\"427\" src=\"https:\/\/www.flexihub.com.pl\/wp-content\/uploads\/2026\/04\/side-of-a-brown-house-with-tall-hedges-obscuring-view-1024x683.jpg\" class=\"attachment-large size-large wp-image-3007\" alt=\"\" srcset=\"https:\/\/www.flexihub.com.pl\/wp-content\/uploads\/2026\/04\/side-of-a-brown-house-with-tall-hedges-obscuring-view-1024x683.jpg 1024w, https:\/\/www.flexihub.com.pl\/wp-content\/uploads\/2026\/04\/side-of-a-brown-house-with-tall-hedges-obscuring-view-300x200.jpg 300w, https:\/\/www.flexihub.com.pl\/wp-content\/uploads\/2026\/04\/side-of-a-brown-house-with-tall-hedges-obscuring-view-768x512.jpg 768w, https:\/\/www.flexihub.com.pl\/wp-content\/uploads\/2026\/04\/side-of-a-brown-house-with-tall-hedges-obscuring-view-1536x1024.jpg 1536w, https:\/\/www.flexihub.com.pl\/wp-content\/uploads\/2026\/04\/side-of-a-brown-house-with-tall-hedges-obscuring-view-2048x1366.jpg 2048w\" sizes=\"(max-width: 640px) 100vw, 640px\" \/>\t\t\t\t\t\t\t\t\t\t\t\t\t\t\t<\/div>\n\t\t\t\t<\/div>\n\t\t\t\t<\/div>\n\t\t<div class=\"elementor-element elementor-element-7dcfdc35 e-con-full e-grid e-con e-child\" data-id=\"7dcfdc35\" data-element_type=\"container\" data-e-type=\"container\">\n\t\t<div class=\"elementor-element elementor-element-2b24acf7 e-con-full e-flex e-con e-child\" data-id=\"2b24acf7\" data-element_type=\"container\" data-e-type=\"container\">\n\t\t\t\t<div class=\"elementor-element elementor-element-154004b2 elementor-widget elementor-widget-image\" data-id=\"154004b2\" data-element_type=\"widget\" data-e-type=\"widget\" data-widget_type=\"image.default\">\n\t\t\t\t\t\t\t\t\t\t\t\t\t\t\t<img decoding=\"async\" width=\"640\" height=\"427\" src=\"https:\/\/www.flexihub.com.pl\/wp-content\/uploads\/2026\/04\/wiping-a-sudsy-countertop-1024x683.jpg\" class=\"attachment-large size-large wp-image-3005\" alt=\"\" srcset=\"https:\/\/www.flexihub.com.pl\/wp-content\/uploads\/2026\/04\/wiping-a-sudsy-countertop-1024x683.jpg 1024w, https:\/\/www.flexihub.com.pl\/wp-content\/uploads\/2026\/04\/wiping-a-sudsy-countertop-300x200.jpg 300w, https:\/\/www.flexihub.com.pl\/wp-content\/uploads\/2026\/04\/wiping-a-sudsy-countertop-768x512.jpg 768w, https:\/\/www.flexihub.com.pl\/wp-content\/uploads\/2026\/04\/wiping-a-sudsy-countertop-1536x1024.jpg 1536w, https:\/\/www.flexihub.com.pl\/wp-content\/uploads\/2026\/04\/wiping-a-sudsy-countertop-2048x1365.jpg 2048w\" sizes=\"(max-width: 640px) 100vw, 640px\" \/>\t\t\t\t\t\t\t\t\t\t\t\t\t\t\t<\/div>\n\t\t\t\t<\/div>\n\t\t<div class=\"elementor-element elementor-element-4078ad69 e-con-full e-flex e-con e-child\" data-id=\"4078ad69\" data-element_type=\"container\" data-e-type=\"container\">\n\t\t\t\t<div class=\"elementor-element elementor-element-751b4906 elementor-widget elementor-widget-heading bdevs-el heading\" data-id=\"751b4906\" data-element_type=\"widget\" data-e-type=\"widget\" data-settings=\"{&quot;design_style&quot;:&quot;style_1&quot;}\" data-widget_type=\"heading.default\">\n\t\t\t\t<div class=\"elementor-widget-container\">\n\t\t\t\t\t\n        \n                                    <div class=\"section-title-wrapper section-title-pl-55 bdevs-el-content\">\n                                                <h3 class=\"section-title bdevs-el-title  bdevs-el-btn\">3. Facility &amp; Technical Maintenance<\/h3>                                            <\/div>\n\n                            \n    \t\t\t\t<\/div>\n\t\t\t\t<\/div>\n\t\t\t\t<div class=\"elementor-element elementor-element-323db34f elementor-widget elementor-widget-text-editor\" data-id=\"323db34f\" data-element_type=\"widget\" data-e-type=\"widget\" data-widget_type=\"text-editor.default\">\n\t\t\t\t\t\t\t\t\t<p data-path-to-node=\"14\">Beyond aesthetics, we offer ongoing support to keep your building\u2019s systems running smoothly.<\/p><ul data-path-to-node=\"15\"><li><p data-path-to-node=\"15,0,0\">Regular inspections of common areas.<\/p><\/li><li><p data-path-to-node=\"15,1,0\">Minor technical repairs and handyman services.<\/p><\/li><li><p data-path-to-node=\"15,2,0\">Pressure washing of driveways, loading docks, and exterior walkways.<\/p><\/li><\/ul>\t\t\t\t\t\t\t\t<\/div>\n\t\t\t\t<\/div>\n\t\t\t\t<\/div>\n\t\t\t\t<div class=\"elementor-element elementor-element-6b33a8cc elementor-widget elementor-widget-heading bdevs-el heading\" data-id=\"6b33a8cc\" data-element_type=\"widget\" data-e-type=\"widget\" data-settings=\"{&quot;design_style&quot;:&quot;style_1&quot;}\" data-widget_type=\"heading.default\">\n\t\t\t\t<div class=\"elementor-widget-container\">\n\t\t\t\t\t\n        \n                                    <div class=\"section-title-wrapper section-title-pl-55 bdevs-el-content\">\n                                                <h3 class=\"section-title bdevs-el-title  bdevs-el-btn\">Why Choose FlexiHub for Maintenance?<\/h3>                                            <\/div>\n\n                            \n    \t\t\t\t<\/div>\n\t\t\t\t<\/div>\n\t\t\t\t<div class=\"elementor-element elementor-element-22108e95 elementor-widget elementor-widget-text-editor\" data-id=\"22108e95\" data-element_type=\"widget\" data-e-type=\"widget\" data-widget_type=\"text-editor.default\">\n\t\t\t\t\t\t\t\t\t<ul><li><p data-path-to-node=\"18,0,0\"><b data-path-to-node=\"18,0,0\" data-index-in-node=\"0\">Construction-Aware Teams:<\/b> Our staff understands the specific types of dirt and debris found on construction sites and knows how to treat sensitive surfaces without causing damage.<\/p><\/li><li><p data-path-to-node=\"18,1,0\"><b data-path-to-node=\"18,1,0\" data-index-in-node=\"0\">All-in-One Convenience:<\/b> As your project &#8222;Hub,&#8221; we transition seamlessly from building your project to cleaning and maintaining it\u2014no need to vet new vendors.<\/p><\/li><li><p data-path-to-node=\"18,2,0\"><b data-path-to-node=\"18,2,0\" data-index-in-node=\"0\">Eco-Friendly Standards:<\/b> We use professional-grade cleaning agents that are effective yet environmentally responsible.<\/p><\/li><li><p data-path-to-node=\"18,3,0\"><b data-path-to-node=\"18,3,0\" data-index-in-node=\"0\">Reliable Scheduling:<\/b> We work around your handover dates or business hours to ensure minimal disruption to your operations.<\/p><\/li><\/ul>\t\t\t\t\t\t\t\t<\/div>\n\t\t\t\t<div class=\"elementor-element elementor-element-49edb6f elementor-widget elementor-widget-heading bdevs-el heading\" data-id=\"49edb6f\" data-element_type=\"widget\" data-e-type=\"widget\" data-settings=\"{&quot;design_style&quot;:&quot;style_1&quot;}\" data-widget_type=\"heading.default\">\n\t\t\t\t<div class=\"elementor-widget-container\">\n\t\t\t\t\t\n        \n                                    <div class=\"section-title-wrapper section-title-pl-55 bdevs-el-content\">\n                                                <h3 class=\"section-title bdevs-el-title  bdevs-el-btn\">Protect Your Investment<\/h3>                                            <\/div>\n\n                            \n    \t\t\t\t<\/div>\n\t\t\t\t<\/div>\n\t\t\t\t<div class=\"elementor-element elementor-element-b0ad950 elementor-widget elementor-widget-text-editor\" data-id=\"b0ad950\" data-element_type=\"widget\" data-e-type=\"widget\" data-widget_type=\"text-editor.default\">\n\t\t\t\t\t\t\t\t\t<p>At FlexiHub, we believe that maintenance is not just a service\u2014it\u2019s an investment in your property\u2019s longevity and reputation. We provide the meticulous attention to detail that transforms a &#8222;work site&#8221; into a &#8222;finished masterpiece.&#8221;<\/p>\t\t\t\t\t\t\t\t<\/div>\n\t\t\t\t<\/div>\n\t\t\t\t<\/div>\n\t\t","protected":false},"excerpt":{"rendered":"<p>Ostatni szlif. Standard opieki. Projekt jest w pe\u0142ni uko\u0144czony dopiero wtedy, gdy jest gotowy do natychmiastowego u\u017cytku i prezentuje si\u0119 nienagannie. FlexiHub \u015bwiadczy specjalistyczne us\u0142ugi sprz\u0105tania i konserwacji zaprojektowane specjalnie dla sektora budowlanego i komercyjnego. Od intensywnego sprz\u0105tania po ci\u0119\u017ckich pracach budowlanych, po d\u0142ugoterminowe utrzymanie otoczenia nieruchomo\u015bci \u2014 dbamy o to, aby Twoje aktywa pozosta\u0142y [&hellip;]<\/p>\n","protected":false},"author":1,"featured_media":0,"parent":0,"menu_order":0,"comment_status":"closed","ping_status":"closed","template":"","meta":{"_acf_changed":false,"footnotes":""},"class_list":["post-3204","page","type-page","status-publish","hentry"],"acf":[],"_links":{"self":[{"href":"https:\/\/www.flexihub.com.pl\/pl\/wp-json\/wp\/v2\/pages\/3204","targetHints":{"allow":["GET"]}}],"collection":[{"href":"https:\/\/www.flexihub.com.pl\/pl\/wp-json\/wp\/v2\/pages"}],"about":[{"href":"https:\/\/www.flexihub.com.pl\/pl\/wp-json\/wp\/v2\/types\/page"}],"author":[{"embeddable":true,"href":"https:\/\/www.flexihub.com.pl\/pl\/wp-json\/wp\/v2\/users\/1"}],"replies":[{"embeddable":true,"href":"https:\/\/www.flexihub.com.pl\/pl\/wp-json\/wp\/v2\/comments?post=3204"}],"version-history":[{"count":4,"href":"https:\/\/www.flexihub.com.pl\/pl\/wp-json\/wp\/v2\/pages\/3204\/revisions"}],"predecessor-version":[{"id":3266,"href":"https:\/\/www.flexihub.com.pl\/pl\/wp-json\/wp\/v2\/pages\/3204\/revisions\/3266"}],"wp:attachment":[{"href":"https:\/\/www.flexihub.com.pl\/pl\/wp-json\/wp\/v2\/media?parent=3204"}],"curies":[{"name":"wp","href":"https:\/\/api.w.org\/{rel}","templated":true}]}}