{"id":3205,"date":"2021-12-11T06:28:21","date_gmt":"2021-12-11T04:28:21","guid":{"rendered":"https:\/\/www.flexihub.com.pl\/outsourcing-pracownikow-budowlanych-i-technicznych\/"},"modified":"2026-04-21T01:32:16","modified_gmt":"2026-04-20T23:32:16","slug":"outsourcing-pracownikow-budowlanych-i-technicznych","status":"publish","type":"page","link":"https:\/\/www.flexihub.com.pl\/pl\/outsourcing-pracownikow-budowlanych-i-technicznych\/","title":{"rendered":"Outsourcing pracownik\u00f3w budowlanych i technicznych"},"content":{"rendered":"\t\t<div data-elementor-type=\"wp-page\" data-elementor-id=\"3205\" class=\"elementor elementor-3205\">\n\t\t\t\t<div class=\"elementor-element elementor-element-5df25de4 e-con-full e-flex e-con e-parent\" data-id=\"5df25de4\" data-element_type=\"container\" data-e-type=\"container\">\n\t\t\t\t<div class=\"elementor-element elementor-element-651100cf elementor-widget elementor-widget-heading bdevs-el heading\" data-id=\"651100cf\" data-element_type=\"widget\" data-e-type=\"widget\" data-settings=\"{&quot;design_style&quot;:&quot;style_1&quot;}\" data-widget_type=\"heading.default\">\n\t\t\t\t<div class=\"elementor-widget-container\">\n\t\t\t\t\t\n        \n                                    <div class=\"section-title-wrapper section-title-pl-55 bdevs-el-content\">\n                                                <h3 class=\"section-title bdevs-el-title  bdevs-el-btn\">Skilled Professionals. Scalable Teams. Zero Administrative Hassle.<\/h3>                                            <\/div>\n\n                            \n    \t\t\t\t<\/div>\n\t\t\t\t<\/div>\n\t\t\t\t<div class=\"elementor-element elementor-element-447358f3 elementor-widget elementor-widget-text-editor\" data-id=\"447358f3\" data-element_type=\"widget\" data-e-type=\"widget\" data-widget_type=\"text-editor.default\">\n\t\t\t\t\t\t\t\t\t<p data-path-to-node=\"4\">In an industry where timelines are tight and the labor market is competitive, having access to the right talent at the right time is a strategic advantage. <b data-path-to-node=\"4\" data-index-in-node=\"156\">FlexiHub<\/b> provides high-caliber construction and technical personnel through a flexible outsourcing model, allowing you to scale your workforce up or down based on your project\u2019s immediate needs.<\/p><p data-path-to-node=\"5\">We don\u2019t just provide labor; we provide vetted professionals who integrate seamlessly into your workflow.<\/p>\t\t\t\t\t\t\t\t<\/div>\n\t\t\t\t<div class=\"elementor-element elementor-element-73e3db76 elementor-widget elementor-widget-heading bdevs-el heading\" data-id=\"73e3db76\" data-element_type=\"widget\" data-e-type=\"widget\" data-settings=\"{&quot;design_style&quot;:&quot;style_1&quot;}\" data-widget_type=\"heading.default\">\n\t\t\t\t<div class=\"elementor-widget-container\">\n\t\t\t\t\t\n        \n                                    <div class=\"section-title-wrapper section-title-pl-55 bdevs-el-content\">\n                                                <h3 class=\"section-title bdevs-el-title  bdevs-el-btn\">Our Workforce Solutions<\/h3>                                            <\/div>\n\n                            \n    \t\t\t\t<\/div>\n\t\t\t\t<\/div>\n\t\t<div class=\"elementor-element elementor-element-1ba00142 e-con-full e-grid e-con e-child\" data-id=\"1ba00142\" data-element_type=\"container\" data-e-type=\"container\">\n\t\t<div class=\"elementor-element elementor-element-c02fa5a e-con-full e-flex e-con e-child\" data-id=\"c02fa5a\" data-element_type=\"container\" data-e-type=\"container\">\n\t\t\t\t<div class=\"elementor-element elementor-element-4ea103fa elementor-widget elementor-widget-image\" data-id=\"4ea103fa\" data-element_type=\"widget\" data-e-type=\"widget\" data-widget_type=\"image.default\">\n\t\t\t\t\t\t\t\t\t\t\t\t\t\t\t<img fetchpriority=\"high\" decoding=\"async\" width=\"640\" height=\"427\" src=\"https:\/\/www.flexihub.com.pl\/wp-content\/uploads\/2026\/04\/warehouse-shelves-stocked-1024x683.jpg\" class=\"attachment-large size-large wp-image-2995\" alt=\"\" srcset=\"https:\/\/www.flexihub.com.pl\/wp-content\/uploads\/2026\/04\/warehouse-shelves-stocked-1024x683.jpg 1024w, https:\/\/www.flexihub.com.pl\/wp-content\/uploads\/2026\/04\/warehouse-shelves-stocked-300x200.jpg 300w, https:\/\/www.flexihub.com.pl\/wp-content\/uploads\/2026\/04\/warehouse-shelves-stocked-768x512.jpg 768w, https:\/\/www.flexihub.com.pl\/wp-content\/uploads\/2026\/04\/warehouse-shelves-stocked-1536x1024.jpg 1536w, https:\/\/www.flexihub.com.pl\/wp-content\/uploads\/2026\/04\/warehouse-shelves-stocked-2048x1365.jpg 2048w\" sizes=\"(max-width: 640px) 100vw, 640px\" \/>\t\t\t\t\t\t\t\t\t\t\t\t\t\t\t<\/div>\n\t\t\t\t<\/div>\n\t\t<div class=\"elementor-element elementor-element-6228f07e e-con-full e-flex e-con e-child\" data-id=\"6228f07e\" data-element_type=\"container\" data-e-type=\"container\">\n\t\t\t\t<div class=\"elementor-element elementor-element-14f295d4 elementor-widget elementor-widget-heading bdevs-el heading\" data-id=\"14f295d4\" data-element_type=\"widget\" data-e-type=\"widget\" data-settings=\"{&quot;design_style&quot;:&quot;style_1&quot;}\" data-widget_type=\"heading.default\">\n\t\t\t\t<div class=\"elementor-widget-container\">\n\t\t\t\t\t\n        \n                                    <div class=\"section-title-wrapper section-title-pl-55 bdevs-el-content\">\n                                                <h3 class=\"section-title bdevs-el-title  bdevs-el-btn\">1. Skilled Labor &amp; Trades<\/h3>                                            <\/div>\n\n                            \n    \t\t\t\t<\/div>\n\t\t\t\t<\/div>\n\t\t\t\t<div class=\"elementor-element elementor-element-5e48a8d1 elementor-widget elementor-widget-text-editor\" data-id=\"5e48a8d1\" data-element_type=\"widget\" data-e-type=\"widget\" data-widget_type=\"text-editor.default\">\n\t\t\t\t\t\t\t\t\t<p data-path-to-node=\"9\">We maintain a robust database of specialists ready to deploy to your site. Every worker is vetted for their technical skills and reliability.<\/p><ul data-path-to-node=\"10\"><li><p data-path-to-node=\"10,0,0\"><b data-path-to-node=\"10,0,0\" data-index-in-node=\"0\">Structural Workers:<\/b> Bricklayers, carpenters, and reinforcement specialists.<\/p><\/li><li><p data-path-to-node=\"10,1,0\"><b data-path-to-node=\"10,1,0\" data-index-in-node=\"0\">Finishing Specialists:<\/b> Drywall installers, professional painters, and tilers.<\/p><\/li><li><p data-path-to-node=\"10,2,0\"><b data-path-to-node=\"10,2,0\" data-index-in-node=\"0\">Technical Experts:<\/b> Certified electricians, HVAC technicians, and plumbers.<\/p><\/li><\/ul>\t\t\t\t\t\t\t\t<\/div>\n\t\t\t\t<\/div>\n\t\t\t\t<\/div>\n\t\t<div class=\"elementor-element elementor-element-7143d3e2 e-con-full e-grid e-con e-child\" data-id=\"7143d3e2\" data-element_type=\"container\" data-e-type=\"container\">\n\t\t<div class=\"elementor-element elementor-element-40b44f75 e-con-full e-flex e-con e-child\" data-id=\"40b44f75\" data-element_type=\"container\" data-e-type=\"container\">\n\t\t\t\t<div class=\"elementor-element elementor-element-35b79e92 elementor-widget elementor-widget-heading bdevs-el heading\" data-id=\"35b79e92\" data-element_type=\"widget\" data-e-type=\"widget\" data-settings=\"{&quot;design_style&quot;:&quot;style_1&quot;}\" data-widget_type=\"heading.default\">\n\t\t\t\t<div class=\"elementor-widget-container\">\n\t\t\t\t\t\n        \n                                    <div class=\"section-title-wrapper section-title-pl-55 bdevs-el-content\">\n                                                <h3 class=\"section-title bdevs-el-title  bdevs-el-btn\">2. Technical Support &amp; Management Staff<\/h3>                                            <\/div>\n\n                            \n    \t\t\t\t<\/div>\n\t\t\t\t<\/div>\n\t\t\t\t<div class=\"elementor-element elementor-element-3b335dfb elementor-widget elementor-widget-text-editor\" data-id=\"3b335dfb\" data-element_type=\"widget\" data-e-type=\"widget\" data-widget_type=\"text-editor.default\">\n\t\t\t\t\t\t\t\t\t<p data-path-to-node=\"12\">Need higher-level technical support? We provide experienced mid-level personnel to help oversee specific site operations.<\/p><ul data-path-to-node=\"13\"><li><p data-path-to-node=\"13,0,0\">Site foremen and team leads.<\/p><\/li><li><p data-path-to-node=\"13,1,0\">Technical assistants and warehouse coordinators.<\/p><\/li><li><p data-path-to-node=\"13,2,0\">Maintenance and facility technicians.<\/p><\/li><\/ul>\t\t\t\t\t\t\t\t<\/div>\n\t\t\t\t<\/div>\n\t\t<div class=\"elementor-element elementor-element-189ee95c e-con-full e-flex e-con e-child\" data-id=\"189ee95c\" data-element_type=\"container\" data-e-type=\"container\">\n\t\t\t\t<div class=\"elementor-element elementor-element-76ae9141 elementor-widget elementor-widget-image\" data-id=\"76ae9141\" data-element_type=\"widget\" data-e-type=\"widget\" data-widget_type=\"image.default\">\n\t\t\t\t\t\t\t\t\t\t\t\t\t\t\t<img decoding=\"async\" width=\"640\" height=\"427\" src=\"https:\/\/www.flexihub.com.pl\/wp-content\/uploads\/2026\/04\/startup-desktop-1024x683.jpg\" class=\"attachment-large size-large wp-image-2996\" alt=\"\" srcset=\"https:\/\/www.flexihub.com.pl\/wp-content\/uploads\/2026\/04\/startup-desktop-1024x683.jpg 1024w, https:\/\/www.flexihub.com.pl\/wp-content\/uploads\/2026\/04\/startup-desktop-300x200.jpg 300w, https:\/\/www.flexihub.com.pl\/wp-content\/uploads\/2026\/04\/startup-desktop-768x512.jpg 768w, https:\/\/www.flexihub.com.pl\/wp-content\/uploads\/2026\/04\/startup-desktop-1536x1024.jpg 1536w, https:\/\/www.flexihub.com.pl\/wp-content\/uploads\/2026\/04\/startup-desktop-2048x1365.jpg 2048w\" sizes=\"(max-width: 640px) 100vw, 640px\" \/>\t\t\t\t\t\t\t\t\t\t\t\t\t\t\t<\/div>\n\t\t\t\t<\/div>\n\t\t\t\t<\/div>\n\t\t<div class=\"elementor-element elementor-element-42e14564 e-con-full e-grid e-con e-child\" data-id=\"42e14564\" data-element_type=\"container\" data-e-type=\"container\">\n\t\t<div class=\"elementor-element elementor-element-e3c6504 e-con-full e-flex e-con e-child\" data-id=\"e3c6504\" data-element_type=\"container\" data-e-type=\"container\">\n\t\t\t\t<div class=\"elementor-element elementor-element-68080e3c elementor-widget elementor-widget-image\" data-id=\"68080e3c\" data-element_type=\"widget\" data-e-type=\"widget\" data-widget_type=\"image.default\">\n\t\t\t\t\t\t\t\t\t\t\t\t\t\t\t<img decoding=\"async\" width=\"640\" height=\"427\" src=\"https:\/\/www.flexihub.com.pl\/wp-content\/uploads\/2026\/04\/building-a-building-1024x683.jpg\" class=\"attachment-large size-large wp-image-2997\" alt=\"\" srcset=\"https:\/\/www.flexihub.com.pl\/wp-content\/uploads\/2026\/04\/building-a-building-1024x683.jpg 1024w, https:\/\/www.flexihub.com.pl\/wp-content\/uploads\/2026\/04\/building-a-building-300x200.jpg 300w, https:\/\/www.flexihub.com.pl\/wp-content\/uploads\/2026\/04\/building-a-building-768x512.jpg 768w, https:\/\/www.flexihub.com.pl\/wp-content\/uploads\/2026\/04\/building-a-building-1536x1024.jpg 1536w, https:\/\/www.flexihub.com.pl\/wp-content\/uploads\/2026\/04\/building-a-building-2048x1365.jpg 2048w\" sizes=\"(max-width: 640px) 100vw, 640px\" \/>\t\t\t\t\t\t\t\t\t\t\t\t\t\t\t<\/div>\n\t\t\t\t<\/div>\n\t\t<div class=\"elementor-element elementor-element-5288ebe7 e-con-full e-flex e-con e-child\" data-id=\"5288ebe7\" data-element_type=\"container\" data-e-type=\"container\">\n\t\t\t\t<div class=\"elementor-element elementor-element-3bf4c1a8 elementor-widget elementor-widget-heading bdevs-el heading\" data-id=\"3bf4c1a8\" data-element_type=\"widget\" data-e-type=\"widget\" data-settings=\"{&quot;design_style&quot;:&quot;style_1&quot;}\" data-widget_type=\"heading.default\">\n\t\t\t\t<div class=\"elementor-widget-container\">\n\t\t\t\t\t\n        \n                                    <div class=\"section-title-wrapper section-title-pl-55 bdevs-el-content\">\n                                                <h3 class=\"section-title bdevs-el-title  bdevs-el-btn\">3. Rapid Scalability<\/h3>                                            <\/div>\n\n                            \n    \t\t\t\t<\/div>\n\t\t\t\t<\/div>\n\t\t\t\t<div class=\"elementor-element elementor-element-7f470ab4 elementor-widget elementor-widget-text-editor\" data-id=\"7f470ab4\" data-element_type=\"widget\" data-e-type=\"widget\" data-widget_type=\"text-editor.default\">\n\t\t\t\t\t\t\t\t\t<p data-path-to-node=\"15\">Construction phases fluctuate. Our outsourcing model allows you to respond to peak demands without the long-term commitment of permanent hiring.<\/p><ul data-path-to-node=\"16\"><li><p data-path-to-node=\"16,0,0\">Short-term staffing for specific project milestones.<\/p><\/li><li><p data-path-to-node=\"16,1,0\">Long-term external teams for multi-year developments.<\/p><\/li><li><p data-path-to-node=\"16,2,0\">Emergency staffing to replace unexpected labor gaps.<\/p><\/li><\/ul>\t\t\t\t\t\t\t\t<\/div>\n\t\t\t\t<\/div>\n\t\t\t\t<\/div>\n\t\t\t\t<div class=\"elementor-element elementor-element-54b34577 elementor-widget elementor-widget-heading bdevs-el heading\" data-id=\"54b34577\" data-element_type=\"widget\" data-e-type=\"widget\" data-settings=\"{&quot;design_style&quot;:&quot;style_1&quot;}\" data-widget_type=\"heading.default\">\n\t\t\t\t<div class=\"elementor-widget-container\">\n\t\t\t\t\t\n        \n                                    <div class=\"section-title-wrapper section-title-pl-55 bdevs-el-content\">\n                                                <h3 class=\"section-title bdevs-el-title  bdevs-el-btn\">Why Outsource with FlexiHub?<\/h3>                                            <\/div>\n\n                            \n    \t\t\t\t<\/div>\n\t\t\t\t<\/div>\n\t\t\t\t<div class=\"elementor-element elementor-element-708f74ea elementor-widget elementor-widget-text-editor\" data-id=\"708f74ea\" data-element_type=\"widget\" data-e-type=\"widget\" data-widget_type=\"text-editor.default\">\n\t\t\t\t\t\t\t\t\t<ul><li><p data-path-to-node=\"19,0,0\"><b data-path-to-node=\"19,0,0\" data-index-in-node=\"0\">We Handle the Compliance:<\/b> FlexiHub manages all aspects of recruitment, legal employment, ZUS (social security), and health and safety (BHP) training. You get the results; we handle the paperwork.<\/p><\/li><li><p data-path-to-node=\"19,1,0\"><b data-path-to-node=\"19,1,0\" data-index-in-node=\"0\">Vetted &amp; Reliable:<\/b> We don\u2019t just &#8222;fill spots.&#8221; We verify the certifications and track records of our workers to ensure they meet the quality standards FlexiHub is known for.<\/p><\/li><li><p data-path-to-node=\"19,2,0\"><b data-path-to-node=\"19,2,0\" data-index-in-node=\"0\">Cost Efficiency:<\/b> Reduce your HR overhead, recruitment costs, and the financial burden of maintaining a large permanent staff during idle periods.<\/p><\/li><li><p data-path-to-node=\"19,3,0\"><b data-path-to-node=\"19,3,0\" data-index-in-node=\"0\">On-Site Integration:<\/b> Our workers arrive fully equipped and briefed on your project\u2019s safety and technical requirements.<\/p><\/li><\/ul>\t\t\t\t\t\t\t\t<\/div>\n\t\t\t\t<div class=\"elementor-element elementor-element-eef6637 elementor-widget elementor-widget-heading bdevs-el heading\" data-id=\"eef6637\" data-element_type=\"widget\" data-e-type=\"widget\" data-settings=\"{&quot;design_style&quot;:&quot;style_1&quot;}\" data-widget_type=\"heading.default\">\n\t\t\t\t<div class=\"elementor-widget-container\">\n\t\t\t\t\t\n        \n                                    <div class=\"section-title-wrapper section-title-pl-55 bdevs-el-content\">\n                                                <h3 class=\"section-title bdevs-el-title  bdevs-el-btn\">The Right People, Right Now<\/h3>                                            <\/div>\n\n                            \n    \t\t\t\t<\/div>\n\t\t\t\t<\/div>\n\t\t\t\t<div class=\"elementor-element elementor-element-f7beb12 elementor-widget elementor-widget-text-editor\" data-id=\"f7beb12\" data-element_type=\"widget\" data-e-type=\"widget\" data-widget_type=\"text-editor.default\">\n\t\t\t\t\t\t\t\t\t<p>Whether you are a General Contractor looking to fill a gap or an Investor needing a specialized technical team, <b data-path-to-node=\"22\" data-index-in-node=\"112\">FlexiHub<\/b>is your partner in human capital. We bridge the labor gap so you can stay focused on the build.<\/p>\t\t\t\t\t\t\t\t<\/div>\n\t\t\t\t<\/div>\n\t\t\t\t<\/div>\n\t\t","protected":false},"excerpt":{"rendered":"<p>Wykwalifikowani specjali\u015bci. Skalowalne zespo\u0142y. Zero formalno\u015bci administracyjnych. W bran\u017cy, w kt\u00f3rej terminy s\u0105 napi\u0119te, a rynek pracy konkurencyjny, dost\u0119p do odpowiednich talent\u00f3w we w\u0142a\u015bciwym czasie to przewaga strategiczna. FlexiHub zapewnia wysokiej klasy personel budowlany i techniczny poprzez elastyczny model outsourcingu, pozwalaj\u0105cy na skalowanie zespo\u0142u w g\u00f3r\u0119 lub w d\u00f3\u0142, w zale\u017cno\u015bci od bie\u017c\u0105cych potrzeb projektu. [&hellip;]<\/p>\n","protected":false},"author":1,"featured_media":0,"parent":0,"menu_order":0,"comment_status":"closed","ping_status":"closed","template":"","meta":{"_acf_changed":false,"footnotes":""},"class_list":["post-3205","page","type-page","status-publish","hentry"],"acf":[],"_links":{"self":[{"href":"https:\/\/www.flexihub.com.pl\/pl\/wp-json\/wp\/v2\/pages\/3205","targetHints":{"allow":["GET"]}}],"collection":[{"href":"https:\/\/www.flexihub.com.pl\/pl\/wp-json\/wp\/v2\/pages"}],"about":[{"href":"https:\/\/www.flexihub.com.pl\/pl\/wp-json\/wp\/v2\/types\/page"}],"author":[{"embeddable":true,"href":"https:\/\/www.flexihub.com.pl\/pl\/wp-json\/wp\/v2\/users\/1"}],"replies":[{"embeddable":true,"href":"https:\/\/www.flexihub.com.pl\/pl\/wp-json\/wp\/v2\/comments?post=3205"}],"version-history":[{"count":3,"href":"https:\/\/www.flexihub.com.pl\/pl\/wp-json\/wp\/v2\/pages\/3205\/revisions"}],"predecessor-version":[{"id":3278,"href":"https:\/\/www.flexihub.com.pl\/pl\/wp-json\/wp\/v2\/pages\/3205\/revisions\/3278"}],"wp:attachment":[{"href":"https:\/\/www.flexihub.com.pl\/pl\/wp-json\/wp\/v2\/media?parent=3205"}],"curies":[{"name":"wp","href":"https:\/\/api.w.org\/{rel}","templated":true}]}}