{"id":3206,"date":"2026-02-16T11:04:36","date_gmt":"2026-02-16T09:04:36","guid":{"rendered":"https:\/\/www.flexihub.com.pl\/uslugi-budowlane-i-wykonczeniowe\/"},"modified":"2026-04-21T01:29:51","modified_gmt":"2026-04-20T23:29:51","slug":"uslugi-budowlane-i-wykonczeniowe","status":"publish","type":"page","link":"https:\/\/www.flexihub.com.pl\/pl\/uslugi-budowlane-i-wykonczeniowe\/","title":{"rendered":"Us\u0142ugi budowlane i wyko\u0144czeniowe"},"content":{"rendered":"\t\t<div data-elementor-type=\"wp-page\" data-elementor-id=\"3206\" class=\"elementor elementor-3206\">\n\t\t\t\t<div class=\"elementor-element elementor-element-2e70c1f e-con-full e-flex e-con e-parent\" data-id=\"2e70c1f\" data-element_type=\"container\" data-e-type=\"container\">\n\t\t\t\t<div class=\"elementor-element elementor-element-7383fd0 elementor-widget elementor-widget-heading bdevs-el heading\" data-id=\"7383fd0\" data-element_type=\"widget\" data-e-type=\"widget\" data-settings=\"{&quot;design_style&quot;:&quot;style_1&quot;}\" data-widget_type=\"heading.default\">\n\t\t\t\t<div class=\"elementor-widget-container\">\n\t\t\t\t\t\n        \n                                    <div class=\"section-title-wrapper section-title-pl-55 bdevs-el-content\">\n                                                <h3 class=\"section-title bdevs-el-title  bdevs-el-btn\">From Structural Integrity to Architectural Excellence<\/h3>                                            <\/div>\n\n                            \n    \t\t\t\t<\/div>\n\t\t\t\t<\/div>\n\t\t\t\t<div class=\"elementor-element elementor-element-6ca4a7c elementor-widget elementor-widget-text-editor\" data-id=\"6ca4a7c\" data-element_type=\"widget\" data-e-type=\"widget\" data-widget_type=\"text-editor.default\">\n\t\t\t\t\t\t\t\t\t<p data-path-to-node=\"4\">At <b data-path-to-node=\"4\" data-index-in-node=\"3\">FlexiHub<\/b>, we believe that a building\u2019s quality is defined by what\u2019s beneath the surface and the precision of the final touch. We provide a seamless transition from core construction to high-end interior finishing, ensuring that every phase of your project is handled by experts.<\/p><p data-path-to-node=\"5\">Whether you are developing a commercial office, a residential complex, or an industrial facility, our team delivers craftsmanship that stands the test of time.<\/p>\t\t\t\t\t\t\t\t<\/div>\n\t\t\t\t<div class=\"elementor-element elementor-element-ac4f102 elementor-widget elementor-widget-heading bdevs-el heading\" data-id=\"ac4f102\" data-element_type=\"widget\" data-e-type=\"widget\" data-settings=\"{&quot;design_style&quot;:&quot;style_1&quot;}\" data-widget_type=\"heading.default\">\n\t\t\t\t<div class=\"elementor-widget-container\">\n\t\t\t\t\t\n        \n                                    <div class=\"section-title-wrapper section-title-pl-55 bdevs-el-content\">\n                                                <h3 class=\"section-title bdevs-el-title  bdevs-el-btn\">Our Core Capabilities<\/h3>                                            <\/div>\n\n                            \n    \t\t\t\t<\/div>\n\t\t\t\t<\/div>\n\t\t<div class=\"elementor-element elementor-element-34b1220 e-con-full e-grid e-con e-child\" data-id=\"34b1220\" data-element_type=\"container\" data-e-type=\"container\">\n\t\t<div class=\"elementor-element elementor-element-20ef739 e-con-full e-flex e-con e-child\" data-id=\"20ef739\" data-element_type=\"container\" data-e-type=\"container\">\n\t\t\t\t<div class=\"elementor-element elementor-element-4eae741 elementor-widget elementor-widget-image\" data-id=\"4eae741\" data-element_type=\"widget\" data-e-type=\"widget\" data-widget_type=\"image.default\">\n\t\t\t\t\t\t\t\t\t\t\t\t\t\t\t<img fetchpriority=\"high\" decoding=\"async\" width=\"640\" height=\"479\" src=\"https:\/\/www.flexihub.com.pl\/wp-content\/uploads\/2026\/04\/construction-site-from-above-1024x767.jpg\" class=\"attachment-large size-large wp-image-2922\" alt=\"\" srcset=\"https:\/\/www.flexihub.com.pl\/wp-content\/uploads\/2026\/04\/construction-site-from-above-1024x767.jpg 1024w, https:\/\/www.flexihub.com.pl\/wp-content\/uploads\/2026\/04\/construction-site-from-above-300x225.jpg 300w, https:\/\/www.flexihub.com.pl\/wp-content\/uploads\/2026\/04\/construction-site-from-above-768x575.jpg 768w, https:\/\/www.flexihub.com.pl\/wp-content\/uploads\/2026\/04\/construction-site-from-above-1536x1150.jpg 1536w, https:\/\/www.flexihub.com.pl\/wp-content\/uploads\/2026\/04\/construction-site-from-above-2048x1534.jpg 2048w\" sizes=\"(max-width: 640px) 100vw, 640px\" \/>\t\t\t\t\t\t\t\t\t\t\t\t\t\t\t<\/div>\n\t\t\t\t<\/div>\n\t\t<div class=\"elementor-element elementor-element-dd917d8 e-con-full e-flex e-con e-child\" data-id=\"dd917d8\" data-element_type=\"container\" data-e-type=\"container\">\n\t\t\t\t<div class=\"elementor-element elementor-element-559350d elementor-widget elementor-widget-heading bdevs-el heading\" data-id=\"559350d\" data-element_type=\"widget\" data-e-type=\"widget\" data-settings=\"{&quot;design_style&quot;:&quot;style_1&quot;}\" data-widget_type=\"heading.default\">\n\t\t\t\t<div class=\"elementor-widget-container\">\n\t\t\t\t\t\n        \n                                    <div class=\"section-title-wrapper section-title-pl-55 bdevs-el-content\">\n                                                <h3 class=\"section-title bdevs-el-title  bdevs-el-btn\">1. Structural &amp; Shell Construction<\/h3>                                            <\/div>\n\n                            \n    \t\t\t\t<\/div>\n\t\t\t\t<\/div>\n\t\t\t\t<div class=\"elementor-element elementor-element-0bfcf39 elementor-widget elementor-widget-text-editor\" data-id=\"0bfcf39\" data-element_type=\"widget\" data-e-type=\"widget\" data-widget_type=\"text-editor.default\">\n\t\t\t\t\t\t\t\t\t<p data-path-to-node=\"9\">We manage the fundamental stages of building, ensuring a solid foundation and structural framework. Our focus is on durability, safety, and strict adherence to architectural blueprints.<\/p><ul data-path-to-node=\"10\"><li><p data-path-to-node=\"10,0,0\">Reinforced concrete structures and masonry.<\/p><\/li><li><p data-path-to-node=\"10,1,0\">Wall construction and structural modifications.<\/p><\/li><li><p data-path-to-node=\"10,2,0\">Installation of essential building systems.<\/p><\/li><\/ul>\t\t\t\t\t\t\t\t<\/div>\n\t\t\t\t<\/div>\n\t\t\t\t<\/div>\n\t\t<div class=\"elementor-element elementor-element-0d8f268 e-con-full e-grid e-con e-child\" data-id=\"0d8f268\" data-element_type=\"container\" data-e-type=\"container\">\n\t\t<div class=\"elementor-element elementor-element-8f8c4ea e-con-full e-flex e-con e-child\" data-id=\"8f8c4ea\" data-element_type=\"container\" data-e-type=\"container\">\n\t\t\t\t<div class=\"elementor-element elementor-element-9953a00 elementor-widget elementor-widget-heading bdevs-el heading\" data-id=\"9953a00\" data-element_type=\"widget\" data-e-type=\"widget\" data-settings=\"{&quot;design_style&quot;:&quot;style_1&quot;}\" data-widget_type=\"heading.default\">\n\t\t\t\t<div class=\"elementor-widget-container\">\n\t\t\t\t\t\n        \n                                    <div class=\"section-title-wrapper section-title-pl-55 bdevs-el-content\">\n                                                <h3 class=\"section-title bdevs-el-title  bdevs-el-btn\">2. Comprehensive Interior Finishing<\/h3>                                            <\/div>\n\n                            \n    \t\t\t\t<\/div>\n\t\t\t\t<\/div>\n\t\t\t\t<div class=\"elementor-element elementor-element-5453d9a elementor-widget elementor-widget-text-editor\" data-id=\"5453d9a\" data-element_type=\"widget\" data-e-type=\"widget\" data-widget_type=\"text-editor.default\">\n\t\t\t\t\t\t\t\t\t<p data-path-to-node=\"12\">The &#8222;Flexi&#8221; in our name stands for our ability to adapt to any design vision. We transform &#8222;grey state&#8221; properties into ready-to-use, turnkey spaces.<\/p><ul data-path-to-node=\"13\"><li><p data-path-to-node=\"13,0,0\"><b data-path-to-node=\"13,0,0\" data-index-in-node=\"0\">Drywall &amp; Partitions:<\/b> Professional installation for optimized space planning.<\/p><\/li><li><p data-path-to-node=\"13,1,0\"><b data-path-to-node=\"13,1,0\" data-index-in-node=\"0\">Flooring &amp; Tiling:<\/b> High-durability solutions ranging from industrial resins to premium ceramics.<\/p><\/li><li><p data-path-to-node=\"13,2,0\"><b data-path-to-node=\"13,2,0\" data-index-in-node=\"0\">Painting &amp; Decorating:<\/b> Precision application of protective and decorative coatings.<\/p><\/li><li><p data-path-to-node=\"13,3,0\"><b data-path-to-node=\"13,3,0\" data-index-in-node=\"0\">Ceiling Systems:<\/b> Functional and acoustic suspended ceiling installations.<\/p><\/li><\/ul>\t\t\t\t\t\t\t\t<\/div>\n\t\t\t\t<\/div>\n\t\t<div class=\"elementor-element elementor-element-5235df2 e-con-full e-flex e-con e-child\" data-id=\"5235df2\" data-element_type=\"container\" data-e-type=\"container\">\n\t\t\t\t<div class=\"elementor-element elementor-element-0b07121 elementor-widget elementor-widget-image\" data-id=\"0b07121\" data-element_type=\"widget\" data-e-type=\"widget\" data-widget_type=\"image.default\">\n\t\t\t\t\t\t\t\t\t\t\t\t\t\t\t<img decoding=\"async\" width=\"640\" height=\"427\" src=\"https:\/\/www.flexihub.com.pl\/wp-content\/uploads\/2026\/04\/person-crouches-down-on-a-street-and-paints-a-door-white-1024x683.jpg\" class=\"attachment-large size-large wp-image-2924\" alt=\"\" srcset=\"https:\/\/www.flexihub.com.pl\/wp-content\/uploads\/2026\/04\/person-crouches-down-on-a-street-and-paints-a-door-white-1024x683.jpg 1024w, https:\/\/www.flexihub.com.pl\/wp-content\/uploads\/2026\/04\/person-crouches-down-on-a-street-and-paints-a-door-white-300x200.jpg 300w, https:\/\/www.flexihub.com.pl\/wp-content\/uploads\/2026\/04\/person-crouches-down-on-a-street-and-paints-a-door-white-768x512.jpg 768w, https:\/\/www.flexihub.com.pl\/wp-content\/uploads\/2026\/04\/person-crouches-down-on-a-street-and-paints-a-door-white-1536x1024.jpg 1536w, https:\/\/www.flexihub.com.pl\/wp-content\/uploads\/2026\/04\/person-crouches-down-on-a-street-and-paints-a-door-white-2048x1365.jpg 2048w\" sizes=\"(max-width: 640px) 100vw, 640px\" \/>\t\t\t\t\t\t\t\t\t\t\t\t\t\t\t<\/div>\n\t\t\t\t<\/div>\n\t\t\t\t<\/div>\n\t\t<div class=\"elementor-element elementor-element-7e9a2ef e-con-full e-grid e-con e-child\" data-id=\"7e9a2ef\" data-element_type=\"container\" data-e-type=\"container\">\n\t\t<div class=\"elementor-element elementor-element-39b8698 e-con-full e-flex e-con e-child\" data-id=\"39b8698\" data-element_type=\"container\" data-e-type=\"container\">\n\t\t\t\t<div class=\"elementor-element elementor-element-fbd54d3 elementor-widget elementor-widget-image\" data-id=\"fbd54d3\" data-element_type=\"widget\" data-e-type=\"widget\" data-widget_type=\"image.default\">\n\t\t\t\t\t\t\t\t\t\t\t\t\t\t\t<img decoding=\"async\" width=\"640\" height=\"427\" src=\"https:\/\/www.flexihub.com.pl\/wp-content\/uploads\/2026\/04\/matching-modern-buildings-1024x683.jpg\" class=\"attachment-large size-large wp-image-2925\" alt=\"\" srcset=\"https:\/\/www.flexihub.com.pl\/wp-content\/uploads\/2026\/04\/matching-modern-buildings-1024x683.jpg 1024w, https:\/\/www.flexihub.com.pl\/wp-content\/uploads\/2026\/04\/matching-modern-buildings-300x200.jpg 300w, https:\/\/www.flexihub.com.pl\/wp-content\/uploads\/2026\/04\/matching-modern-buildings-768x512.jpg 768w, https:\/\/www.flexihub.com.pl\/wp-content\/uploads\/2026\/04\/matching-modern-buildings-1536x1024.jpg 1536w, https:\/\/www.flexihub.com.pl\/wp-content\/uploads\/2026\/04\/matching-modern-buildings-2048x1366.jpg 2048w\" sizes=\"(max-width: 640px) 100vw, 640px\" \/>\t\t\t\t\t\t\t\t\t\t\t\t\t\t\t<\/div>\n\t\t\t\t<\/div>\n\t\t<div class=\"elementor-element elementor-element-9632bbf e-con-full e-flex e-con e-child\" data-id=\"9632bbf\" data-element_type=\"container\" data-e-type=\"container\">\n\t\t\t\t<div class=\"elementor-element elementor-element-2f17d87 elementor-widget elementor-widget-heading bdevs-el heading\" data-id=\"2f17d87\" data-element_type=\"widget\" data-e-type=\"widget\" data-settings=\"{&quot;design_style&quot;:&quot;style_1&quot;}\" data-widget_type=\"heading.default\">\n\t\t\t\t<div class=\"elementor-widget-container\">\n\t\t\t\t\t\n        \n                                    <div class=\"section-title-wrapper section-title-pl-55 bdevs-el-content\">\n                                                <h3 class=\"section-title bdevs-el-title  bdevs-el-btn\">3. Exterior &amp; Facade Works<\/h3>                                            <\/div>\n\n                            \n    \t\t\t\t<\/div>\n\t\t\t\t<\/div>\n\t\t\t\t<div class=\"elementor-element elementor-element-b46a56c elementor-widget elementor-widget-text-editor\" data-id=\"b46a56c\" data-element_type=\"widget\" data-e-type=\"widget\" data-widget_type=\"text-editor.default\">\n\t\t\t\t\t\t\t\t\t<p data-path-to-node=\"12\">We protect and beautify your investment from the outside in. Our facade services focus on energy efficiency (thermal insulation) and modern architectural aesthetics.<\/p>\t\t\t\t\t\t\t\t<\/div>\n\t\t\t\t<\/div>\n\t\t\t\t<\/div>\n\t\t\t\t<div class=\"elementor-element elementor-element-0e51466 elementor-widget elementor-widget-heading bdevs-el heading\" data-id=\"0e51466\" data-element_type=\"widget\" data-e-type=\"widget\" data-settings=\"{&quot;design_style&quot;:&quot;style_1&quot;}\" data-widget_type=\"heading.default\">\n\t\t\t\t<div class=\"elementor-widget-container\">\n\t\t\t\t\t\n        \n                                    <div class=\"section-title-wrapper section-title-pl-55 bdevs-el-content\">\n                                                <h3 class=\"section-title bdevs-el-title  bdevs-el-btn\">Why Partner with FlexiHub?<\/h3>                                            <\/div>\n\n                            \n    \t\t\t\t<\/div>\n\t\t\t\t<\/div>\n\t\t\t\t<div class=\"elementor-element elementor-element-5d6693a elementor-widget elementor-widget-text-editor\" data-id=\"5d6693a\" data-element_type=\"widget\" data-e-type=\"widget\" data-widget_type=\"text-editor.default\">\n\t\t\t\t\t\t\t\t\t<ul><li><p data-path-to-node=\"18,0,0\"><b data-path-to-node=\"18,0,0\" data-index-in-node=\"0\">Turnkey Execution:<\/b> We eliminate the need for multiple subcontractors, reducing your management overhead.<\/p><\/li><li><p data-path-to-node=\"18,1,0\"><b data-path-to-node=\"18,1,0\" data-index-in-node=\"0\">Quality Materials:<\/b> We source premium materials that comply with all Polish and EU construction standards.<\/p><\/li><li><p data-path-to-node=\"18,2,0\"><b data-path-to-node=\"18,2,0\" data-index-in-node=\"0\">Strict Timelines:<\/b> Our project managers ensure that finishing works begin the moment the structure is ready, preventing costly downtime.<\/p><\/li><li><p data-path-to-node=\"18,3,0\"><b data-path-to-node=\"18,3,0\" data-index-in-node=\"0\">Attention to Detail:<\/b> We pride ourselves on a &#8222;snag-free&#8221; delivery, meaning we get the details right the first time.<\/p><\/li><\/ul>\t\t\t\t\t\t\t\t<\/div>\n\t\t\t\t<\/div>\n\t\t\t\t<\/div>\n\t\t","protected":false},"excerpt":{"rendered":"<p>Od solidnej konstrukcji po architektoniczn\u0105 doskona\u0142o\u015b\u0107 W FlexiHub wierzymy, \u017ce o jako\u015bci budynku \u015bwiadczy zar\u00f3wno to, co znajduje si\u0119 pod powierzchni\u0105, jak i precyzja finalnego wyko\u0144czenia. Zapewniamy p\u0142ynne przej\u015bcie od etapu konstrukcyjnego do wysokiej klasy wyko\u0144cze\u0144 wn\u0119trz, dbaj\u0105c o to, by ka\u017cda faza Twojego projektu by\u0142a prowadzona przez ekspert\u00f3w. Niezale\u017cnie od tego, czy budujesz biuro, [&hellip;]<\/p>\n","protected":false},"author":1,"featured_media":0,"parent":0,"menu_order":0,"comment_status":"closed","ping_status":"closed","template":"","meta":{"_acf_changed":false,"footnotes":""},"class_list":["post-3206","page","type-page","status-publish","hentry"],"acf":[],"_links":{"self":[{"href":"https:\/\/www.flexihub.com.pl\/pl\/wp-json\/wp\/v2\/pages\/3206","targetHints":{"allow":["GET"]}}],"collection":[{"href":"https:\/\/www.flexihub.com.pl\/pl\/wp-json\/wp\/v2\/pages"}],"about":[{"href":"https:\/\/www.flexihub.com.pl\/pl\/wp-json\/wp\/v2\/types\/page"}],"author":[{"embeddable":true,"href":"https:\/\/www.flexihub.com.pl\/pl\/wp-json\/wp\/v2\/users\/1"}],"replies":[{"embeddable":true,"href":"https:\/\/www.flexihub.com.pl\/pl\/wp-json\/wp\/v2\/comments?post=3206"}],"version-history":[{"count":3,"href":"https:\/\/www.flexihub.com.pl\/pl\/wp-json\/wp\/v2\/pages\/3206\/revisions"}],"predecessor-version":[{"id":3268,"href":"https:\/\/www.flexihub.com.pl\/pl\/wp-json\/wp\/v2\/pages\/3206\/revisions\/3268"}],"wp:attachment":[{"href":"https:\/\/www.flexihub.com.pl\/pl\/wp-json\/wp\/v2\/media?parent=3206"}],"curies":[{"name":"wp","href":"https:\/\/api.w.org\/{rel}","templated":true}]}}