{"id":3207,"date":"2021-12-11T06:58:42","date_gmt":"2021-12-11T04:58:42","guid":{"rendered":"https:\/\/www.flexihub.com.pl\/doradztwo-budowlane\/"},"modified":"2026-04-21T01:30:23","modified_gmt":"2026-04-20T23:30:23","slug":"doradztwo-budowlane","status":"publish","type":"page","link":"https:\/\/www.flexihub.com.pl\/pl\/doradztwo-budowlane\/","title":{"rendered":"Doradztwo budowlane"},"content":{"rendered":"\t\t<div data-elementor-type=\"wp-page\" data-elementor-id=\"3207\" class=\"elementor elementor-3207\">\n\t\t\t\t<div class=\"elementor-element elementor-element-76d80f25 e-con-full e-flex e-con e-parent\" data-id=\"76d80f25\" data-element_type=\"container\" data-e-type=\"container\">\n\t\t\t\t<div class=\"elementor-element elementor-element-2c1d39c elementor-widget elementor-widget-heading bdevs-el heading\" data-id=\"2c1d39c\" data-element_type=\"widget\" data-e-type=\"widget\" data-settings=\"{&quot;design_style&quot;:&quot;style_1&quot;}\" data-widget_type=\"heading.default\">\n\t\t\t\t<div class=\"elementor-widget-container\">\n\t\t\t\t\t\n        \n                                    <div class=\"section-title-wrapper section-title-pl-55 bdevs-el-content\">\n                                                <h2 class=\"section-title bdevs-el-title  bdevs-el-btn\">Strategic Oversight. Expert Insight. Guaranteed Results.<\/h2>                                            <\/div>\n\n                            \n    \t\t\t\t<\/div>\n\t\t\t\t<\/div>\n\t\t\t\t<div class=\"elementor-element elementor-element-75332e38 elementor-widget elementor-widget-text-editor\" data-id=\"75332e38\" data-element_type=\"widget\" data-e-type=\"widget\" data-widget_type=\"text-editor.default\">\n\t\t\t\t\t\t\t\t\t<p data-path-to-node=\"4\">In the complex landscape of modern construction, informed decision-making is the difference between a successful investment and a costly setback. <b data-path-to-node=\"4\" data-index-in-node=\"146\">FlexiHub<\/b> provides the high-level consultancy and management expertise required to navigate technical challenges, regulatory requirements, and budgetary constraints.<\/p><p data-path-to-node=\"5\">We act as your strategic partner, ensuring that your project is not only built to the highest standards but is also optimized for efficiency and long-term value.<\/p>\t\t\t\t\t\t\t\t<\/div>\n\t\t\t\t<div class=\"elementor-element elementor-element-3214e8b8 elementor-widget elementor-widget-heading bdevs-el heading\" data-id=\"3214e8b8\" data-element_type=\"widget\" data-e-type=\"widget\" data-settings=\"{&quot;design_style&quot;:&quot;style_1&quot;}\" data-widget_type=\"heading.default\">\n\t\t\t\t<div class=\"elementor-widget-container\">\n\t\t\t\t\t\n        \n                                    <div class=\"section-title-wrapper section-title-pl-55 bdevs-el-content\">\n                                                <h3 class=\"section-title bdevs-el-title  bdevs-el-btn\">Our Consulting Services<\/h3>                                            <\/div>\n\n                            \n    \t\t\t\t<\/div>\n\t\t\t\t<\/div>\n\t\t<div class=\"elementor-element elementor-element-310af0b9 e-con-full e-grid e-con e-child\" data-id=\"310af0b9\" data-element_type=\"container\" data-e-type=\"container\">\n\t\t<div class=\"elementor-element elementor-element-2e5be3c6 e-con-full e-flex e-con e-child\" data-id=\"2e5be3c6\" data-element_type=\"container\" data-e-type=\"container\">\n\t\t\t\t<div class=\"elementor-element elementor-element-448e4913 elementor-widget elementor-widget-image\" data-id=\"448e4913\" data-element_type=\"widget\" data-e-type=\"widget\" data-widget_type=\"image.default\">\n\t\t\t\t\t\t\t\t\t\t\t\t\t\t\t<img fetchpriority=\"high\" decoding=\"async\" width=\"640\" height=\"427\" src=\"https:\/\/www.flexihub.com.pl\/wp-content\/uploads\/2026\/04\/construction-worker-holding-blueprints-1024x683.jpg\" class=\"attachment-large size-large wp-image-2957\" alt=\"\" srcset=\"https:\/\/www.flexihub.com.pl\/wp-content\/uploads\/2026\/04\/construction-worker-holding-blueprints-1024x683.jpg 1024w, https:\/\/www.flexihub.com.pl\/wp-content\/uploads\/2026\/04\/construction-worker-holding-blueprints-300x200.jpg 300w, https:\/\/www.flexihub.com.pl\/wp-content\/uploads\/2026\/04\/construction-worker-holding-blueprints-768x512.jpg 768w, https:\/\/www.flexihub.com.pl\/wp-content\/uploads\/2026\/04\/construction-worker-holding-blueprints-1536x1024.jpg 1536w, https:\/\/www.flexihub.com.pl\/wp-content\/uploads\/2026\/04\/construction-worker-holding-blueprints-2048x1365.jpg 2048w\" sizes=\"(max-width: 640px) 100vw, 640px\" \/>\t\t\t\t\t\t\t\t\t\t\t\t\t\t\t<\/div>\n\t\t\t\t<\/div>\n\t\t<div class=\"elementor-element elementor-element-36eebedd e-con-full e-flex e-con e-child\" data-id=\"36eebedd\" data-element_type=\"container\" data-e-type=\"container\">\n\t\t\t\t<div class=\"elementor-element elementor-element-2c411ed3 elementor-widget elementor-widget-heading bdevs-el heading\" data-id=\"2c411ed3\" data-element_type=\"widget\" data-e-type=\"widget\" data-settings=\"{&quot;design_style&quot;:&quot;style_1&quot;}\" data-widget_type=\"heading.default\">\n\t\t\t\t<div class=\"elementor-widget-container\">\n\t\t\t\t\t\n        \n                                    <div class=\"section-title-wrapper section-title-pl-55 bdevs-el-content\">\n                                                <h3 class=\"section-title bdevs-el-title  bdevs-el-btn\">1. Technical Due Diligence &amp; Auditing<\/h3>                                            <\/div>\n\n                            \n    \t\t\t\t<\/div>\n\t\t\t\t<\/div>\n\t\t\t\t<div class=\"elementor-element elementor-element-53818ee0 elementor-widget elementor-widget-text-editor\" data-id=\"53818ee0\" data-element_type=\"widget\" data-e-type=\"widget\" data-widget_type=\"text-editor.default\">\n\t\t\t\t\t\t\t\t\t<p data-path-to-node=\"9\">Before you break ground or acquire a property, we provide a comprehensive technical analysis to identify potential risks.<\/p><ul data-path-to-node=\"10\"><li><p data-path-to-node=\"10,0,0\">Site feasibility studies and technical assessments.<\/p><\/li><li><p data-path-to-node=\"10,1,0\">Structural integrity audits.<\/p><\/li><li><p data-path-to-node=\"10,2,0\">Evaluation of existing utility infrastructure.<\/p><\/li><\/ul>\t\t\t\t\t\t\t\t<\/div>\n\t\t\t\t<\/div>\n\t\t\t\t<\/div>\n\t\t<div class=\"elementor-element elementor-element-52932140 e-con-full e-grid e-con e-child\" data-id=\"52932140\" data-element_type=\"container\" data-e-type=\"container\">\n\t\t<div class=\"elementor-element elementor-element-73675835 e-con-full e-flex e-con e-child\" data-id=\"73675835\" data-element_type=\"container\" data-e-type=\"container\">\n\t\t\t\t<div class=\"elementor-element elementor-element-38b04593 elementor-widget elementor-widget-heading bdevs-el heading\" data-id=\"38b04593\" data-element_type=\"widget\" data-e-type=\"widget\" data-settings=\"{&quot;design_style&quot;:&quot;style_1&quot;}\" data-widget_type=\"heading.default\">\n\t\t\t\t<div class=\"elementor-widget-container\">\n\t\t\t\t\t\n        \n                                    <div class=\"section-title-wrapper section-title-pl-55 bdevs-el-content\">\n                                                <h3 class=\"section-title bdevs-el-title  bdevs-el-btn\">2. Cost Management &amp; Budgeting<\/h3>                                            <\/div>\n\n                            \n    \t\t\t\t<\/div>\n\t\t\t\t<\/div>\n\t\t\t\t<div class=\"elementor-element elementor-element-13c14334 elementor-widget elementor-widget-text-editor\" data-id=\"13c14334\" data-element_type=\"widget\" data-e-type=\"widget\" data-widget_type=\"text-editor.default\">\n\t\t\t\t\t\t\t\t\t<p data-path-to-node=\"12\">We help you maintain strict control over your capital. Our consultants provide transparent cost estimation and ongoing financial oversight to prevent budget overruns.<\/p><ul data-path-to-node=\"13\"><li><p data-path-to-node=\"13,0,0\">Detailed bill of quantities and cost estimation.<\/p><\/li><li><p data-path-to-node=\"13,1,0\">Value engineering to optimize expenses without sacrificing quality.<\/p><\/li><li><p data-path-to-node=\"13,2,0\">Financial monitoring throughout the project lifecycle.<\/p><\/li><\/ul>\t\t\t\t\t\t\t\t<\/div>\n\t\t\t\t<\/div>\n\t\t<div class=\"elementor-element elementor-element-7af13c5f e-con-full e-flex e-con e-child\" data-id=\"7af13c5f\" data-element_type=\"container\" data-e-type=\"container\">\n\t\t\t\t<div class=\"elementor-element elementor-element-31622ee1 elementor-widget elementor-widget-image\" data-id=\"31622ee1\" data-element_type=\"widget\" data-e-type=\"widget\" data-widget_type=\"image.default\">\n\t\t\t\t\t\t\t\t\t\t\t\t\t\t\t<img decoding=\"async\" width=\"640\" height=\"427\" src=\"https:\/\/www.flexihub.com.pl\/wp-content\/uploads\/2026\/04\/construction-site-plans-1024x683.jpg\" class=\"attachment-large size-large wp-image-2958\" alt=\"\" srcset=\"https:\/\/www.flexihub.com.pl\/wp-content\/uploads\/2026\/04\/construction-site-plans-1024x683.jpg 1024w, https:\/\/www.flexihub.com.pl\/wp-content\/uploads\/2026\/04\/construction-site-plans-300x200.jpg 300w, https:\/\/www.flexihub.com.pl\/wp-content\/uploads\/2026\/04\/construction-site-plans-768x512.jpg 768w, https:\/\/www.flexihub.com.pl\/wp-content\/uploads\/2026\/04\/construction-site-plans-1536x1024.jpg 1536w, https:\/\/www.flexihub.com.pl\/wp-content\/uploads\/2026\/04\/construction-site-plans-2048x1365.jpg 2048w\" sizes=\"(max-width: 640px) 100vw, 640px\" \/>\t\t\t\t\t\t\t\t\t\t\t\t\t\t\t<\/div>\n\t\t\t\t<\/div>\n\t\t\t\t<\/div>\n\t\t<div class=\"elementor-element elementor-element-636435e4 e-con-full e-grid e-con e-child\" data-id=\"636435e4\" data-element_type=\"container\" data-e-type=\"container\">\n\t\t<div class=\"elementor-element elementor-element-6d5c22e8 e-con-full e-flex e-con e-child\" data-id=\"6d5c22e8\" data-element_type=\"container\" data-e-type=\"container\">\n\t\t\t\t<div class=\"elementor-element elementor-element-6cab9683 elementor-widget elementor-widget-image\" data-id=\"6cab9683\" data-element_type=\"widget\" data-e-type=\"widget\" data-widget_type=\"image.default\">\n\t\t\t\t\t\t\t\t\t\t\t\t\t\t\t<img decoding=\"async\" width=\"640\" height=\"427\" src=\"https:\/\/www.flexihub.com.pl\/wp-content\/uploads\/2026\/04\/hands-on-blueprints-1024x683.jpg\" class=\"attachment-large size-large wp-image-2959\" alt=\"\" srcset=\"https:\/\/www.flexihub.com.pl\/wp-content\/uploads\/2026\/04\/hands-on-blueprints-1024x683.jpg 1024w, https:\/\/www.flexihub.com.pl\/wp-content\/uploads\/2026\/04\/hands-on-blueprints-300x200.jpg 300w, https:\/\/www.flexihub.com.pl\/wp-content\/uploads\/2026\/04\/hands-on-blueprints-768x512.jpg 768w, https:\/\/www.flexihub.com.pl\/wp-content\/uploads\/2026\/04\/hands-on-blueprints-1536x1024.jpg 1536w, https:\/\/www.flexihub.com.pl\/wp-content\/uploads\/2026\/04\/hands-on-blueprints-2048x1365.jpg 2048w\" sizes=\"(max-width: 640px) 100vw, 640px\" \/>\t\t\t\t\t\t\t\t\t\t\t\t\t\t\t<\/div>\n\t\t\t\t<\/div>\n\t\t<div class=\"elementor-element elementor-element-630bb88a e-con-full e-flex e-con e-child\" data-id=\"630bb88a\" data-element_type=\"container\" data-e-type=\"container\">\n\t\t\t\t<div class=\"elementor-element elementor-element-1006f88b elementor-widget elementor-widget-heading bdevs-el heading\" data-id=\"1006f88b\" data-element_type=\"widget\" data-e-type=\"widget\" data-settings=\"{&quot;design_style&quot;:&quot;style_1&quot;}\" data-widget_type=\"heading.default\">\n\t\t\t\t<div class=\"elementor-widget-container\">\n\t\t\t\t\t\n        \n                                    <div class=\"section-title-wrapper section-title-pl-55 bdevs-el-content\">\n                                                <h3 class=\"section-title bdevs-el-title  bdevs-el-btn\">3. Regulatory &amp; Compliance Advisory<\/h3>                                            <\/div>\n\n                            \n    \t\t\t\t<\/div>\n\t\t\t\t<\/div>\n\t\t\t\t<div class=\"elementor-element elementor-element-386ffbae elementor-widget elementor-widget-text-editor\" data-id=\"386ffbae\" data-element_type=\"widget\" data-e-type=\"widget\" data-widget_type=\"text-editor.default\">\n\t\t\t\t\t\t\t\t\t<p data-path-to-node=\"15\">Navigating the Polish Building Law (<b data-path-to-node=\"15\" data-index-in-node=\"36\">Prawo Budowlane<\/b>) can be challenging. We ensure your project stays fully compliant with all local regulations and safety standards.<\/p><ul data-path-to-node=\"16\"><li><p data-path-to-node=\"16,0,0\">Assistance with building permits and administrative procedures.<\/p><\/li><li><p data-path-to-node=\"16,1,0\">Health and Safety (BHP) compliance auditing.<\/p><\/li><li><p data-path-to-node=\"16,2,0\">Environmental and energy efficiency consulting.<\/p><\/li><\/ul>\t\t\t\t\t\t\t\t<\/div>\n\t\t\t\t<\/div>\n\t\t\t\t<\/div>\n\t\t\t\t<div class=\"elementor-element elementor-element-1957a598 elementor-widget elementor-widget-heading bdevs-el heading\" data-id=\"1957a598\" data-element_type=\"widget\" data-e-type=\"widget\" data-settings=\"{&quot;design_style&quot;:&quot;style_1&quot;}\" data-widget_type=\"heading.default\">\n\t\t\t\t<div class=\"elementor-widget-container\">\n\t\t\t\t\t\n        \n                                    <div class=\"section-title-wrapper section-title-pl-55 bdevs-el-content\">\n                                                <h3 class=\"section-title bdevs-el-title  bdevs-el-btn\">Professional Project Management<\/h3>                                            <\/div>\n\n                            \n    \t\t\t\t<\/div>\n\t\t\t\t<\/div>\n\t\t\t\t<div class=\"elementor-element elementor-element-3e8d7a89 elementor-widget elementor-widget-text-editor\" data-id=\"3e8d7a89\" data-element_type=\"widget\" data-e-type=\"widget\" data-widget_type=\"text-editor.default\">\n\t\t\t\t\t\t\t\t\t<p data-path-to-node=\"19\">Beyond advice, we offer hands-on leadership. Our Project Managers serve as your eyes and ears on-site, representing your interests at every meeting and milestone.<\/p><ul><li><p data-path-to-node=\"20,0,0\"><b data-path-to-node=\"20,0,0\" data-index-in-node=\"0\">Schedule Management:<\/b> We develop and enforce rigorous timelines to ensure on-time delivery.<\/p><\/li><li><p data-path-to-node=\"20,1,0\"><b data-path-to-node=\"20,1,0\" data-index-in-node=\"0\">Risk Mitigation:<\/b> Proactive identification of technical or logistical bottlenecks before they impact the project.<\/p><\/li><li><p data-path-to-node=\"20,2,0\"><b data-path-to-node=\"20,2,0\" data-index-in-node=\"0\">Quality Assurance:<\/b> Continuous on-site inspections to ensure all work meets the specified technical requirements.<\/p><\/li><li><p data-path-to-node=\"20,3,0\"><b data-path-to-node=\"20,3,0\" data-index-in-node=\"0\">Tender Management:<\/b> Assisting you in selecting the best subcontractors through competitive and transparent bidding processes.<\/p><\/li><\/ul>\t\t\t\t\t\t\t\t<\/div>\n\t\t\t\t<div class=\"elementor-element elementor-element-584fe8d elementor-widget elementor-widget-heading bdevs-el heading\" data-id=\"584fe8d\" data-element_type=\"widget\" data-e-type=\"widget\" data-settings=\"{&quot;design_style&quot;:&quot;style_1&quot;}\" data-widget_type=\"heading.default\">\n\t\t\t\t<div class=\"elementor-widget-container\">\n\t\t\t\t\t\n        \n                                    <div class=\"section-title-wrapper section-title-pl-55 bdevs-el-content\">\n                                                <h3 class=\"section-title bdevs-el-title  bdevs-el-btn\">Why Choose FlexiHub Consulting?<\/h3>                                            <\/div>\n\n                            \n    \t\t\t\t<\/div>\n\t\t\t\t<\/div>\n\t\t\t\t<div class=\"elementor-element elementor-element-828a276 elementor-widget elementor-widget-text-editor\" data-id=\"828a276\" data-element_type=\"widget\" data-e-type=\"widget\" data-widget_type=\"text-editor.default\">\n\t\t\t\t\t\t\t\t\t<ul><li><p data-path-to-node=\"23,0,0\"><b data-path-to-node=\"23,0,0\" data-index-in-node=\"0\">Unbiased Advocacy:<\/b> We work exclusively for the investor, ensuring that your interests always come first.<\/p><\/li><li><p data-path-to-node=\"23,1,0\"><b data-path-to-node=\"23,1,0\" data-index-in-node=\"0\">Local Expertise:<\/b> Deep knowledge of the Polish construction market, vendors, and legal landscape.<\/p><\/li><li><p data-path-to-node=\"23,2,0\"><b data-path-to-node=\"23,2,0\" data-index-in-node=\"0\">Data-Driven Decisions:<\/b> We use precise technical data and modern management tools to guide project strategy.<\/p><\/li><\/ul>\t\t\t\t\t\t\t\t<\/div>\n\t\t\t\t<\/div>\n\t\t\t\t<\/div>\n\t\t","protected":false},"excerpt":{"rendered":"<p>Strategiczny nadz\u00f3r. Ekspercka wiedza. Gwarantowane rezultaty. W z\u0142o\u017conym krajobrazie nowoczesnego budownictwa \u015bwiadome podejmowanie decyzji stanowi r\u00f3\u017cnic\u0119 mi\u0119dzy udan\u0105 inwestycj\u0105 a kosztownym niepowodzeniem. FlexiHub zapewnia doradztwo na wysokim poziomie oraz wiedz\u0119 z zakresu zarz\u0105dzania, niezb\u0119dn\u0105 do nawigowania po wyzwaniach technicznych, wymogach regulacyjnych i ograniczeniach bud\u017cetowych. Dzia\u0142amy jako Tw\u00f3j strategiczny partner, dbaj\u0105c o to, by projekt by\u0142 [&hellip;]<\/p>\n","protected":false},"author":1,"featured_media":0,"parent":0,"menu_order":0,"comment_status":"closed","ping_status":"closed","template":"","meta":{"_acf_changed":false,"footnotes":""},"class_list":["post-3207","page","type-page","status-publish","hentry"],"acf":[],"_links":{"self":[{"href":"https:\/\/www.flexihub.com.pl\/pl\/wp-json\/wp\/v2\/pages\/3207","targetHints":{"allow":["GET"]}}],"collection":[{"href":"https:\/\/www.flexihub.com.pl\/pl\/wp-json\/wp\/v2\/pages"}],"about":[{"href":"https:\/\/www.flexihub.com.pl\/pl\/wp-json\/wp\/v2\/types\/page"}],"author":[{"embeddable":true,"href":"https:\/\/www.flexihub.com.pl\/pl\/wp-json\/wp\/v2\/users\/1"}],"replies":[{"embeddable":true,"href":"https:\/\/www.flexihub.com.pl\/pl\/wp-json\/wp\/v2\/comments?post=3207"}],"version-history":[{"count":3,"href":"https:\/\/www.flexihub.com.pl\/pl\/wp-json\/wp\/v2\/pages\/3207\/revisions"}],"predecessor-version":[{"id":3270,"href":"https:\/\/www.flexihub.com.pl\/pl\/wp-json\/wp\/v2\/pages\/3207\/revisions\/3270"}],"wp:attachment":[{"href":"https:\/\/www.flexihub.com.pl\/pl\/wp-json\/wp\/v2\/media?parent=3207"}],"curies":[{"name":"wp","href":"https:\/\/api.w.org\/{rel}","templated":true}]}}