{"id":3210,"date":"2021-12-08T06:43:14","date_gmt":"2021-12-08T04:43:14","guid":{"rendered":"https:\/\/www.flexihub.com.pl\/koordynacja-projektow-budowlanych\/"},"modified":"2026-04-21T01:31:15","modified_gmt":"2026-04-20T23:31:15","slug":"koordynacja-projektow-budowlanych","status":"publish","type":"page","link":"https:\/\/www.flexihub.com.pl\/pl\/koordynacja-projektow-budowlanych\/","title":{"rendered":"Koordynacja projekt\u00f3w budowlanych"},"content":{"rendered":"\t\t<div data-elementor-type=\"wp-page\" data-elementor-id=\"3210\" class=\"elementor elementor-3210\">\n\t\t\t\t<div class=\"elementor-element elementor-element-3cb4935 e-con-full e-flex e-con e-parent\" data-id=\"3cb4935\" data-element_type=\"container\" data-e-type=\"container\">\n\t\t\t\t<div class=\"elementor-element elementor-element-e3a9f02 elementor-widget elementor-widget-heading bdevs-el heading\" data-id=\"e3a9f02\" data-element_type=\"widget\" data-e-type=\"widget\" data-settings=\"{&quot;design_style&quot;:&quot;style_1&quot;}\" data-widget_type=\"heading.default\">\n\t\t\t\t<div class=\"elementor-widget-container\">\n\t\t\t\t\t\n        \n                                    <div class=\"section-title-wrapper section-title-pl-55 bdevs-el-content\">\n                                                <h3 class=\"section-title bdevs-el-title  bdevs-el-btn\">Synchronizing Every Detail for Seamless Execution<\/h3>                                            <\/div>\n\n                            \n    \t\t\t\t<\/div>\n\t\t\t\t<\/div>\n\t\t\t\t<div class=\"elementor-element elementor-element-785dc1b4 elementor-widget elementor-widget-text-editor\" data-id=\"785dc1b4\" data-element_type=\"widget\" data-e-type=\"widget\" data-widget_type=\"text-editor.default\">\n\t\t\t\t\t\t\t\t\t<p data-path-to-node=\"4\">A successful construction project is a complex puzzle of moving parts. Without precise coordination, even the best plans can fall victim to delays, miscommunication, and rising costs. <b data-path-to-node=\"4\" data-index-in-node=\"184\">FlexiHub<\/b> specializes in the professional synchronization of all stakeholders, trades, and logistics to keep your project moving forward in perfect harmony.<\/p><p data-path-to-node=\"5\">We serve as the central nervous system of your construction site, ensuring that architects, subcontractors, and suppliers work as a unified team.<\/p>\t\t\t\t\t\t\t\t<\/div>\n\t\t\t\t<div class=\"elementor-element elementor-element-5d5116d4 elementor-widget elementor-widget-heading bdevs-el heading\" data-id=\"5d5116d4\" data-element_type=\"widget\" data-e-type=\"widget\" data-settings=\"{&quot;design_style&quot;:&quot;style_1&quot;}\" data-widget_type=\"heading.default\">\n\t\t\t\t<div class=\"elementor-widget-container\">\n\t\t\t\t\t\n        \n                                    <div class=\"section-title-wrapper section-title-pl-55 bdevs-el-content\">\n                                                <h3 class=\"section-title bdevs-el-title  bdevs-el-btn\">Our Coordination Expertise<\/h3>                                            <\/div>\n\n                            \n    \t\t\t\t<\/div>\n\t\t\t\t<\/div>\n\t\t<div class=\"elementor-element elementor-element-11ab989e e-con-full e-grid e-con e-child\" data-id=\"11ab989e\" data-element_type=\"container\" data-e-type=\"container\">\n\t\t<div class=\"elementor-element elementor-element-223b9a61 e-con-full e-flex e-con e-child\" data-id=\"223b9a61\" data-element_type=\"container\" data-e-type=\"container\">\n\t\t\t\t<div class=\"elementor-element elementor-element-227f5908 elementor-widget elementor-widget-image\" data-id=\"227f5908\" data-element_type=\"widget\" data-e-type=\"widget\" data-widget_type=\"image.default\">\n\t\t\t\t\t\t\t\t\t\t\t\t\t\t\t<img fetchpriority=\"high\" decoding=\"async\" width=\"640\" height=\"427\" src=\"https:\/\/www.flexihub.com.pl\/wp-content\/uploads\/2026\/04\/blueprint-tools-1024x683.jpg\" class=\"attachment-large size-large wp-image-2972\" alt=\"\" srcset=\"https:\/\/www.flexihub.com.pl\/wp-content\/uploads\/2026\/04\/blueprint-tools-1024x683.jpg 1024w, https:\/\/www.flexihub.com.pl\/wp-content\/uploads\/2026\/04\/blueprint-tools-300x200.jpg 300w, https:\/\/www.flexihub.com.pl\/wp-content\/uploads\/2026\/04\/blueprint-tools-768x512.jpg 768w, https:\/\/www.flexihub.com.pl\/wp-content\/uploads\/2026\/04\/blueprint-tools-1536x1024.jpg 1536w, https:\/\/www.flexihub.com.pl\/wp-content\/uploads\/2026\/04\/blueprint-tools-2048x1365.jpg 2048w\" sizes=\"(max-width: 640px) 100vw, 640px\" \/>\t\t\t\t\t\t\t\t\t\t\t\t\t\t\t<\/div>\n\t\t\t\t<\/div>\n\t\t<div class=\"elementor-element elementor-element-37940af e-con-full e-flex e-con e-child\" data-id=\"37940af\" data-element_type=\"container\" data-e-type=\"container\">\n\t\t\t\t<div class=\"elementor-element elementor-element-401f7959 elementor-widget elementor-widget-heading bdevs-el heading\" data-id=\"401f7959\" data-element_type=\"widget\" data-e-type=\"widget\" data-settings=\"{&quot;design_style&quot;:&quot;style_1&quot;}\" data-widget_type=\"heading.default\">\n\t\t\t\t<div class=\"elementor-widget-container\">\n\t\t\t\t\t\n        \n                                    <div class=\"section-title-wrapper section-title-pl-55 bdevs-el-content\">\n                                                <h3 class=\"section-title bdevs-el-title  bdevs-el-btn\">1. Subcontractor &amp; Trade Synchronization<\/h3>                                            <\/div>\n\n                            \n    \t\t\t\t<\/div>\n\t\t\t\t<\/div>\n\t\t\t\t<div class=\"elementor-element elementor-element-1e86183d elementor-widget elementor-widget-text-editor\" data-id=\"1e86183d\" data-element_type=\"widget\" data-e-type=\"widget\" data-widget_type=\"text-editor.default\">\n\t\t\t\t\t\t\t\t\t<p data-path-to-node=\"9\">On a busy site, timing is everything. We coordinate the schedules of different specialized teams to prevent overlaps and downtime.<\/p><ul data-path-to-node=\"10\"><li><p data-path-to-node=\"10,0,0\"><b data-path-to-node=\"10,0,0\" data-index-in-node=\"0\">Workflow Optimization:<\/b> Ensuring that finishing teams move in the moment structural teams finish.<\/p><\/li><li><p data-path-to-node=\"10,1,0\"><b data-path-to-node=\"10,1,0\" data-index-in-node=\"0\">Conflict Resolution:<\/b> Identifying and solving technical or spatial clashes between different trades (e.g., HVAC vs. Electrical) before they cause delays.<\/p><\/li><li><p data-path-to-node=\"10,2,0\"><b data-path-to-node=\"10,2,0\" data-index-in-node=\"0\">Performance Monitoring:<\/b> Tracking the daily progress of every crew on site.<\/p><\/li><\/ul>\t\t\t\t\t\t\t\t<\/div>\n\t\t\t\t<\/div>\n\t\t\t\t<\/div>\n\t\t<div class=\"elementor-element elementor-element-452629f9 e-con-full e-grid e-con e-child\" data-id=\"452629f9\" data-element_type=\"container\" data-e-type=\"container\">\n\t\t<div class=\"elementor-element elementor-element-692b225f e-con-full e-flex e-con e-child\" data-id=\"692b225f\" data-element_type=\"container\" data-e-type=\"container\">\n\t\t\t\t<div class=\"elementor-element elementor-element-511ce8e0 elementor-widget elementor-widget-heading bdevs-el heading\" data-id=\"511ce8e0\" data-element_type=\"widget\" data-e-type=\"widget\" data-settings=\"{&quot;design_style&quot;:&quot;style_1&quot;}\" data-widget_type=\"heading.default\">\n\t\t\t\t<div class=\"elementor-widget-container\">\n\t\t\t\t\t\n        \n                                    <div class=\"section-title-wrapper section-title-pl-55 bdevs-el-content\">\n                                                <h3 class=\"section-title bdevs-el-title  bdevs-el-btn\">2. On-Site Logistics &amp; Material Management<\/h3>                                            <\/div>\n\n                            \n    \t\t\t\t<\/div>\n\t\t\t\t<\/div>\n\t\t\t\t<div class=\"elementor-element elementor-element-4254a79e elementor-widget elementor-widget-text-editor\" data-id=\"4254a79e\" data-element_type=\"widget\" data-e-type=\"widget\" data-widget_type=\"text-editor.default\">\n\t\t\t\t\t\t\t\t\t<p data-path-to-node=\"12\">A cluttered or undersupplied site is an inefficient one. We manage the flow of resources to keep the workspace productive.<\/p><ul data-path-to-node=\"13\"><li><p data-path-to-node=\"13,0,0\"><b data-path-to-node=\"13,0,0\" data-index-in-node=\"0\">Supply Chain Coordination:<\/b> Scheduling deliveries to arrive exactly when needed (Just-in-Time delivery).<\/p><\/li><li><p data-path-to-node=\"13,1,0\"><b data-path-to-node=\"13,1,0\" data-index-in-node=\"0\">Site Layout Planning:<\/b> Organizing storage, waste management, and equipment placement for maximum safety and efficiency.<\/p><\/li><li><p data-path-to-node=\"13,2,0\"><b data-path-to-node=\"13,2,0\" data-index-in-node=\"0\">Inventory Oversight:<\/b> Ensuring high-value materials are tracked and properly stored.<\/p><\/li><\/ul>\t\t\t\t\t\t\t\t<\/div>\n\t\t\t\t<\/div>\n\t\t<div class=\"elementor-element elementor-element-1a35d96d e-con-full e-flex e-con e-child\" data-id=\"1a35d96d\" data-element_type=\"container\" data-e-type=\"container\">\n\t\t\t\t<div class=\"elementor-element elementor-element-69bafa27 elementor-widget elementor-widget-image\" data-id=\"69bafa27\" data-element_type=\"widget\" data-e-type=\"widget\" data-widget_type=\"image.default\">\n\t\t\t\t\t\t\t\t\t\t\t\t\t\t\t<img decoding=\"async\" width=\"640\" height=\"427\" src=\"https:\/\/www.flexihub.com.pl\/wp-content\/uploads\/2026\/04\/cement-truck-on-site-1024x683.jpg\" class=\"attachment-large size-large wp-image-2973\" alt=\"\" srcset=\"https:\/\/www.flexihub.com.pl\/wp-content\/uploads\/2026\/04\/cement-truck-on-site-1024x683.jpg 1024w, https:\/\/www.flexihub.com.pl\/wp-content\/uploads\/2026\/04\/cement-truck-on-site-300x200.jpg 300w, https:\/\/www.flexihub.com.pl\/wp-content\/uploads\/2026\/04\/cement-truck-on-site-768x512.jpg 768w, https:\/\/www.flexihub.com.pl\/wp-content\/uploads\/2026\/04\/cement-truck-on-site-1536x1024.jpg 1536w, https:\/\/www.flexihub.com.pl\/wp-content\/uploads\/2026\/04\/cement-truck-on-site-2048x1365.jpg 2048w\" sizes=\"(max-width: 640px) 100vw, 640px\" \/>\t\t\t\t\t\t\t\t\t\t\t\t\t\t\t<\/div>\n\t\t\t\t<\/div>\n\t\t\t\t<\/div>\n\t\t<div class=\"elementor-element elementor-element-1f8c1b44 e-con-full e-grid e-con e-child\" data-id=\"1f8c1b44\" data-element_type=\"container\" data-e-type=\"container\">\n\t\t<div class=\"elementor-element elementor-element-6a38583 e-con-full e-flex e-con e-child\" data-id=\"6a38583\" data-element_type=\"container\" data-e-type=\"container\">\n\t\t\t\t<div class=\"elementor-element elementor-element-7fa1192b elementor-widget elementor-widget-image\" data-id=\"7fa1192b\" data-element_type=\"widget\" data-e-type=\"widget\" data-widget_type=\"image.default\">\n\t\t\t\t\t\t\t\t\t\t\t\t\t\t\t<img decoding=\"async\" width=\"640\" height=\"427\" src=\"https:\/\/www.flexihub.com.pl\/wp-content\/uploads\/2026\/04\/building-plans-in-hand-1024x683.jpg\" class=\"attachment-large size-large wp-image-2975\" alt=\"\" srcset=\"https:\/\/www.flexihub.com.pl\/wp-content\/uploads\/2026\/04\/building-plans-in-hand-1024x683.jpg 1024w, https:\/\/www.flexihub.com.pl\/wp-content\/uploads\/2026\/04\/building-plans-in-hand-300x200.jpg 300w, https:\/\/www.flexihub.com.pl\/wp-content\/uploads\/2026\/04\/building-plans-in-hand-768x512.jpg 768w, https:\/\/www.flexihub.com.pl\/wp-content\/uploads\/2026\/04\/building-plans-in-hand-1536x1024.jpg 1536w, https:\/\/www.flexihub.com.pl\/wp-content\/uploads\/2026\/04\/building-plans-in-hand-2048x1365.jpg 2048w\" sizes=\"(max-width: 640px) 100vw, 640px\" \/>\t\t\t\t\t\t\t\t\t\t\t\t\t\t\t<\/div>\n\t\t\t\t<\/div>\n\t\t<div class=\"elementor-element elementor-element-68a30b7e e-con-full e-flex e-con e-child\" data-id=\"68a30b7e\" data-element_type=\"container\" data-e-type=\"container\">\n\t\t\t\t<div class=\"elementor-element elementor-element-2589a84b elementor-widget elementor-widget-heading bdevs-el heading\" data-id=\"2589a84b\" data-element_type=\"widget\" data-e-type=\"widget\" data-settings=\"{&quot;design_style&quot;:&quot;style_1&quot;}\" data-widget_type=\"heading.default\">\n\t\t\t\t<div class=\"elementor-widget-container\">\n\t\t\t\t\t\n        \n                                    <div class=\"section-title-wrapper section-title-pl-55 bdevs-el-content\">\n                                                <h3 class=\"section-title bdevs-el-title  bdevs-el-btn\">3. Communication &amp; Documentation Hub<\/h3>                                            <\/div>\n\n                            \n    \t\t\t\t<\/div>\n\t\t\t\t<\/div>\n\t\t\t\t<div class=\"elementor-element elementor-element-21ce7007 elementor-widget elementor-widget-text-editor\" data-id=\"21ce7007\" data-element_type=\"widget\" data-e-type=\"widget\" data-widget_type=\"text-editor.default\">\n\t\t\t\t\t\t\t\t\t<p data-path-to-node=\"15\">We eliminate the &#8222;information silo&#8221; effect. By acting as the central point of contact, we ensure everyone has the latest blueprints, permits, and instructions.<\/p><ul data-path-to-node=\"16\"><li><p data-path-to-node=\"16,0,0\"><b data-path-to-node=\"16,0,0\" data-index-in-node=\"0\">Daily Reporting:<\/b> Providing investors and stakeholders with clear updates on progress and milestones.<\/p><\/li><li><p data-path-to-node=\"16,1,0\"><b data-path-to-node=\"16,1,0\" data-index-in-node=\"0\">Meeting Management:<\/b> Leading regular site coordination meetings to keep all parties aligned.<\/p><\/li><li><p data-path-to-node=\"16,2,0\"><b data-path-to-node=\"16,2,0\" data-index-in-node=\"0\">Document Control:<\/b> Managing technical submittals, change orders, and compliance paperwork.<\/p><\/li><\/ul>\t\t\t\t\t\t\t\t<\/div>\n\t\t\t\t<\/div>\n\t\t\t\t<\/div>\n\t\t\t\t<div class=\"elementor-element elementor-element-7b79e0a5 elementor-widget elementor-widget-heading bdevs-el heading\" data-id=\"7b79e0a5\" data-element_type=\"widget\" data-e-type=\"widget\" data-settings=\"{&quot;design_style&quot;:&quot;style_1&quot;}\" data-widget_type=\"heading.default\">\n\t\t\t\t<div class=\"elementor-widget-container\">\n\t\t\t\t\t\n        \n                                    <div class=\"section-title-wrapper section-title-pl-55 bdevs-el-content\">\n                                                <h3 class=\"section-title bdevs-el-title  bdevs-el-btn\">The FlexiHub Advantage<\/h3>                                            <\/div>\n\n                            \n    \t\t\t\t<\/div>\n\t\t\t\t<\/div>\n\t\t\t\t<div class=\"elementor-element elementor-element-51d82d25 elementor-widget elementor-widget-text-editor\" data-id=\"51d82d25\" data-element_type=\"widget\" data-e-type=\"widget\" data-widget_type=\"text-editor.default\">\n\t\t\t\t\t\t\t\t\t<ul><li><p data-path-to-node=\"19,0,0\"><b data-path-to-node=\"19,0,0\" data-index-in-node=\"0\">Zero-Downtime Philosophy:<\/b> Our proactive approach identifies potential bottlenecks days or weeks before they happen.<\/p><\/li><li><p data-path-to-node=\"19,1,0\"><b data-path-to-node=\"19,1,0\" data-index-in-node=\"0\">Seamless Integration:<\/b> We adapt to your existing project structure, whether we are managing your preferred vendors or providing our own.<\/p><\/li><li><p data-path-to-node=\"19,2,0\"><b data-path-to-node=\"19,2,0\" data-index-in-node=\"0\">Risk Reduction:<\/b> By maintaining a highly organized site, we significantly reduce the risk of accidents and technical errors.<\/p><\/li><\/ul>\t\t\t\t\t\t\t\t<\/div>\n\t\t\t\t<div class=\"elementor-element elementor-element-8d06888 elementor-widget elementor-widget-heading bdevs-el heading\" data-id=\"8d06888\" data-element_type=\"widget\" data-e-type=\"widget\" data-settings=\"{&quot;design_style&quot;:&quot;style_1&quot;}\" data-widget_type=\"heading.default\">\n\t\t\t\t<div class=\"elementor-widget-container\">\n\t\t\t\t\t\n        \n                                    <div class=\"section-title-wrapper section-title-pl-55 bdevs-el-content\">\n                                                <h3 class=\"section-title bdevs-el-title  bdevs-el-btn\">Bridging the Gap Between Plan and Reality<\/h3>                                            <\/div>\n\n                            \n    \t\t\t\t<\/div>\n\t\t\t\t<\/div>\n\t\t\t\t<div class=\"elementor-element elementor-element-a4c4435 elementor-widget elementor-widget-text-editor\" data-id=\"a4c4435\" data-element_type=\"widget\" data-e-type=\"widget\" data-widget_type=\"text-editor.default\">\n\t\t\t\t\t\t\t\t\t<p>At FlexiHub, we don&#8217;t just watch the project happen; we drive it. Our coordinators are seasoned professionals who understand that <b data-path-to-node=\"22\" data-index-in-node=\"130\">precision in communication leads to excellence in construction.<\/b><\/p>\t\t\t\t\t\t\t\t<\/div>\n\t\t\t\t<\/div>\n\t\t\t\t<\/div>\n\t\t","protected":false},"excerpt":{"rendered":"<p>Synchronizacja ka\u017cdego detalu dla p\u0142ynnej realizacji Sukces projektu budowlanego to skomplikowana uk\u0142adanka wielu ruchomych element\u00f3w. Bez precyzyjnej koordynacji nawet najlepsze plany mog\u0105 lec w gruzach z powodu op\u00f3\u017anie\u0144, b\u0142\u0119d\u00f3w w komunikacji i rosn\u0105cych koszt\u00f3w. FlexiHub specjalizuje si\u0119 w profesjonalnej synchronizacji wszystkich interesariuszy, bran\u017c i logistyki, aby Tw\u00f3j projekt posuwa\u0142 si\u0119 naprz\u00f3d w pe\u0142nej harmonii. Dzia\u0142amy [&hellip;]<\/p>\n","protected":false},"author":1,"featured_media":0,"parent":0,"menu_order":0,"comment_status":"closed","ping_status":"closed","template":"","meta":{"_acf_changed":false,"footnotes":""},"class_list":["post-3210","page","type-page","status-publish","hentry"],"acf":[],"_links":{"self":[{"href":"https:\/\/www.flexihub.com.pl\/pl\/wp-json\/wp\/v2\/pages\/3210","targetHints":{"allow":["GET"]}}],"collection":[{"href":"https:\/\/www.flexihub.com.pl\/pl\/wp-json\/wp\/v2\/pages"}],"about":[{"href":"https:\/\/www.flexihub.com.pl\/pl\/wp-json\/wp\/v2\/types\/page"}],"author":[{"embeddable":true,"href":"https:\/\/www.flexihub.com.pl\/pl\/wp-json\/wp\/v2\/users\/1"}],"replies":[{"embeddable":true,"href":"https:\/\/www.flexihub.com.pl\/pl\/wp-json\/wp\/v2\/comments?post=3210"}],"version-history":[{"count":3,"href":"https:\/\/www.flexihub.com.pl\/pl\/wp-json\/wp\/v2\/pages\/3210\/revisions"}],"predecessor-version":[{"id":3274,"href":"https:\/\/www.flexihub.com.pl\/pl\/wp-json\/wp\/v2\/pages\/3210\/revisions\/3274"}],"wp:attachment":[{"href":"https:\/\/www.flexihub.com.pl\/pl\/wp-json\/wp\/v2\/media?parent=3210"}],"curies":[{"name":"wp","href":"https:\/\/api.w.org\/{rel}","templated":true}]}}