{"id":3211,"date":"2021-12-08T08:17:13","date_gmt":"2021-12-08T06:17:13","guid":{"rendered":"https:\/\/www.flexihub.com.pl\/generalne-wykonawstwo\/"},"modified":"2026-04-21T01:31:43","modified_gmt":"2026-04-20T23:31:43","slug":"generalne-wykonawstwo","status":"publish","type":"page","link":"https:\/\/www.flexihub.com.pl\/pl\/generalne-wykonawstwo\/","title":{"rendered":"Generalne Wykonawstwo"},"content":{"rendered":"\t\t<div data-elementor-type=\"wp-page\" data-elementor-id=\"3211\" class=\"elementor elementor-3211\">\n\t\t\t\t<div class=\"elementor-element elementor-element-39ebc953 e-con-full e-flex e-con e-parent\" data-id=\"39ebc953\" data-element_type=\"container\" data-e-type=\"container\">\n\t\t\t\t<div class=\"elementor-element elementor-element-41c0b171 elementor-widget elementor-widget-heading bdevs-el heading\" data-id=\"41c0b171\" data-element_type=\"widget\" data-e-type=\"widget\" data-settings=\"{&quot;design_style&quot;:&quot;style_1&quot;}\" data-widget_type=\"heading.default\">\n\t\t\t\t<div class=\"elementor-widget-container\">\n\t\t\t\t\t\n        \n                                    <div class=\"section-title-wrapper section-title-pl-55 bdevs-el-content\">\n                                                <h3 class=\"section-title bdevs-el-title  bdevs-el-btn\">Single-Source Responsibility. Total Project Accountability.<\/h3>                                            <\/div>\n\n                            \n    \t\t\t\t<\/div>\n\t\t\t\t<\/div>\n\t\t\t\t<div class=\"elementor-element elementor-element-4f407e24 elementor-widget elementor-widget-text-editor\" data-id=\"4f407e24\" data-element_type=\"widget\" data-e-type=\"widget\" data-widget_type=\"text-editor.default\">\n\t\t\t\t\t\t\t\t\t<p data-path-to-node=\"4\">When you partner with <b data-path-to-node=\"4\" data-index-in-node=\"22\">FlexiHub<\/b> as your General Contractor, you gain more than just a builder\u2014you gain a dedicated partner committed to the success of your entire project. We take full ownership of the construction site, managing every variable from the initial ground-breaking to the moment you receive the keys.<\/p><p data-path-to-node=\"5\">Our General Contracting services are built on a foundation of transparency, rigorous quality control, and a relentless drive to meet every deadline.<\/p>\t\t\t\t\t\t\t\t<\/div>\n\t\t\t\t<div class=\"elementor-element elementor-element-5b841794 elementor-widget elementor-widget-heading bdevs-el heading\" data-id=\"5b841794\" data-element_type=\"widget\" data-e-type=\"widget\" data-settings=\"{&quot;design_style&quot;:&quot;style_1&quot;}\" data-widget_type=\"heading.default\">\n\t\t\t\t<div class=\"elementor-widget-container\">\n\t\t\t\t\t\n        \n                                    <div class=\"section-title-wrapper section-title-pl-55 bdevs-el-content\">\n                                                <h3 class=\"section-title bdevs-el-title  bdevs-el-btn\">Our Full-Service Approach<\/h3>                                            <\/div>\n\n                            \n    \t\t\t\t<\/div>\n\t\t\t\t<\/div>\n\t\t<div class=\"elementor-element elementor-element-53bc9495 e-con-full e-grid e-con e-child\" data-id=\"53bc9495\" data-element_type=\"container\" data-e-type=\"container\">\n\t\t<div class=\"elementor-element elementor-element-b160eb5 e-con-full e-flex e-con e-child\" data-id=\"b160eb5\" data-element_type=\"container\" data-e-type=\"container\">\n\t\t\t\t<div class=\"elementor-element elementor-element-64b6e68b elementor-widget elementor-widget-image\" data-id=\"64b6e68b\" data-element_type=\"widget\" data-e-type=\"widget\" data-widget_type=\"image.default\">\n\t\t\t\t\t\t\t\t\t\t\t\t\t\t\t<img fetchpriority=\"high\" decoding=\"async\" width=\"640\" height=\"427\" src=\"https:\/\/www.flexihub.com.pl\/wp-content\/uploads\/2026\/04\/demolition-of-a-building-1024x683.jpg\" class=\"attachment-large size-large wp-image-2988\" alt=\"\" srcset=\"https:\/\/www.flexihub.com.pl\/wp-content\/uploads\/2026\/04\/demolition-of-a-building-1024x683.jpg 1024w, https:\/\/www.flexihub.com.pl\/wp-content\/uploads\/2026\/04\/demolition-of-a-building-300x200.jpg 300w, https:\/\/www.flexihub.com.pl\/wp-content\/uploads\/2026\/04\/demolition-of-a-building-768x512.jpg 768w, https:\/\/www.flexihub.com.pl\/wp-content\/uploads\/2026\/04\/demolition-of-a-building-1536x1024.jpg 1536w, https:\/\/www.flexihub.com.pl\/wp-content\/uploads\/2026\/04\/demolition-of-a-building-2048x1365.jpg 2048w\" sizes=\"(max-width: 640px) 100vw, 640px\" \/>\t\t\t\t\t\t\t\t\t\t\t\t\t\t\t<\/div>\n\t\t\t\t<\/div>\n\t\t<div class=\"elementor-element elementor-element-485f2594 e-con-full e-flex e-con e-child\" data-id=\"485f2594\" data-element_type=\"container\" data-e-type=\"container\">\n\t\t\t\t<div class=\"elementor-element elementor-element-68efcf08 elementor-widget elementor-widget-heading bdevs-el heading\" data-id=\"68efcf08\" data-element_type=\"widget\" data-e-type=\"widget\" data-settings=\"{&quot;design_style&quot;:&quot;style_1&quot;}\" data-widget_type=\"heading.default\">\n\t\t\t\t<div class=\"elementor-widget-container\">\n\t\t\t\t\t\n        \n                                    <div class=\"section-title-wrapper section-title-pl-55 bdevs-el-content\">\n                                                <h3 class=\"section-title bdevs-el-title  bdevs-el-btn\">1. Integrated Project Execution<\/h3>                                            <\/div>\n\n                            \n    \t\t\t\t<\/div>\n\t\t\t\t<\/div>\n\t\t\t\t<div class=\"elementor-element elementor-element-58beea4d elementor-widget elementor-widget-text-editor\" data-id=\"58beea4d\" data-element_type=\"widget\" data-e-type=\"widget\" data-widget_type=\"text-editor.default\">\n\t\t\t\t\t\t\t\t\t<p data-path-to-node=\"9\">We serve as the single point of contact for the client, eliminating the need for you to manage multiple contracts. We oversee all trades, ensuring that the work of plumbers, electricians, and structural engineers is perfectly integrated.<\/p><ul data-path-to-node=\"10\"><li><p data-path-to-node=\"10,0,0\">Total site supervision and leadership.<\/p><\/li><li><p data-path-to-node=\"10,1,0\">Management of all specialized subcontractors.<\/p><\/li><li><p data-path-to-node=\"10,2,0\">Streamlined communication and unified billing.<\/p><\/li><\/ul>\t\t\t\t\t\t\t\t<\/div>\n\t\t\t\t<\/div>\n\t\t\t\t<\/div>\n\t\t<div class=\"elementor-element elementor-element-630ccb83 e-con-full e-grid e-con e-child\" data-id=\"630ccb83\" data-element_type=\"container\" data-e-type=\"container\">\n\t\t<div class=\"elementor-element elementor-element-c278cee e-con-full e-flex e-con e-child\" data-id=\"c278cee\" data-element_type=\"container\" data-e-type=\"container\">\n\t\t\t\t<div class=\"elementor-element elementor-element-fbf234b elementor-widget elementor-widget-heading bdevs-el heading\" data-id=\"fbf234b\" data-element_type=\"widget\" data-e-type=\"widget\" data-settings=\"{&quot;design_style&quot;:&quot;style_1&quot;}\" data-widget_type=\"heading.default\">\n\t\t\t\t<div class=\"elementor-widget-container\">\n\t\t\t\t\t\n        \n                                    <div class=\"section-title-wrapper section-title-pl-55 bdevs-el-content\">\n                                                <h3 class=\"section-title bdevs-el-title  bdevs-el-btn\">2. Quality Assurance &amp; Compliance<\/h3>                                            <\/div>\n\n                            \n    \t\t\t\t<\/div>\n\t\t\t\t<\/div>\n\t\t\t\t<div class=\"elementor-element elementor-element-5efe07fe elementor-widget elementor-widget-text-editor\" data-id=\"5efe07fe\" data-element_type=\"widget\" data-e-type=\"widget\" data-widget_type=\"text-editor.default\">\n\t\t\t\t\t\t\t\t\t<p data-path-to-node=\"12\">Safety and quality are non-negotiable. As General Contractor, we enforce strict standards across every square meter of the project.<\/p><ul data-path-to-node=\"13\"><li><p data-path-to-node=\"13,0,0\">Adherence to <b data-path-to-node=\"13,0,0\" data-index-in-node=\"13\">Polish Building Law (Prawo Budowlane)<\/b> and EU regulations.<\/p><\/li><li><p data-path-to-node=\"13,1,0\">Rigorous safety protocols to maintain a zero-incident environment.<\/p><\/li><li><p data-path-to-node=\"13,2,0\">Continuous quality inspections at every milestone.<\/p><\/li><\/ul>\t\t\t\t\t\t\t\t<\/div>\n\t\t\t\t<\/div>\n\t\t<div class=\"elementor-element elementor-element-f7c445f e-con-full e-flex e-con e-child\" data-id=\"f7c445f\" data-element_type=\"container\" data-e-type=\"container\">\n\t\t\t\t<div class=\"elementor-element elementor-element-3a6fad5d elementor-widget elementor-widget-image\" data-id=\"3a6fad5d\" data-element_type=\"widget\" data-e-type=\"widget\" data-widget_type=\"image.default\">\n\t\t\t\t\t\t\t\t\t\t\t\t\t\t\t<img decoding=\"async\" width=\"640\" height=\"427\" src=\"https:\/\/www.flexihub.com.pl\/wp-content\/uploads\/2026\/04\/on-site-construction-worker-1024x683.jpg\" class=\"attachment-large size-large wp-image-2841\" alt=\"\" srcset=\"https:\/\/www.flexihub.com.pl\/wp-content\/uploads\/2026\/04\/on-site-construction-worker-1024x683.jpg 1024w, https:\/\/www.flexihub.com.pl\/wp-content\/uploads\/2026\/04\/on-site-construction-worker-300x200.jpg 300w, https:\/\/www.flexihub.com.pl\/wp-content\/uploads\/2026\/04\/on-site-construction-worker-768x512.jpg 768w, https:\/\/www.flexihub.com.pl\/wp-content\/uploads\/2026\/04\/on-site-construction-worker-1536x1024.jpg 1536w, https:\/\/www.flexihub.com.pl\/wp-content\/uploads\/2026\/04\/on-site-construction-worker-2048x1365.jpg 2048w\" sizes=\"(max-width: 640px) 100vw, 640px\" \/>\t\t\t\t\t\t\t\t\t\t\t\t\t\t\t<\/div>\n\t\t\t\t<\/div>\n\t\t\t\t<\/div>\n\t\t<div class=\"elementor-element elementor-element-5e67ad6c e-con-full e-grid e-con e-child\" data-id=\"5e67ad6c\" data-element_type=\"container\" data-e-type=\"container\">\n\t\t<div class=\"elementor-element elementor-element-39a7a33f e-con-full e-flex e-con e-child\" data-id=\"39a7a33f\" data-element_type=\"container\" data-e-type=\"container\">\n\t\t\t\t<div class=\"elementor-element elementor-element-1de01ef6 elementor-widget elementor-widget-image\" data-id=\"1de01ef6\" data-element_type=\"widget\" data-e-type=\"widget\" data-widget_type=\"image.default\">\n\t\t\t\t\t\t\t\t\t\t\t\t\t\t\t<img decoding=\"async\" width=\"640\" height=\"427\" src=\"https:\/\/www.flexihub.com.pl\/wp-content\/uploads\/2026\/04\/tools-for-carpentry-1024x683.jpg\" class=\"attachment-large size-large wp-image-2990\" alt=\"\" srcset=\"https:\/\/www.flexihub.com.pl\/wp-content\/uploads\/2026\/04\/tools-for-carpentry-1024x683.jpg 1024w, https:\/\/www.flexihub.com.pl\/wp-content\/uploads\/2026\/04\/tools-for-carpentry-300x200.jpg 300w, https:\/\/www.flexihub.com.pl\/wp-content\/uploads\/2026\/04\/tools-for-carpentry-768x512.jpg 768w, https:\/\/www.flexihub.com.pl\/wp-content\/uploads\/2026\/04\/tools-for-carpentry-1536x1024.jpg 1536w, https:\/\/www.flexihub.com.pl\/wp-content\/uploads\/2026\/04\/tools-for-carpentry-2048x1365.jpg 2048w\" sizes=\"(max-width: 640px) 100vw, 640px\" \/>\t\t\t\t\t\t\t\t\t\t\t\t\t\t\t<\/div>\n\t\t\t\t<\/div>\n\t\t<div class=\"elementor-element elementor-element-19ddf58d e-con-full e-flex e-con e-child\" data-id=\"19ddf58d\" data-element_type=\"container\" data-e-type=\"container\">\n\t\t\t\t<div class=\"elementor-element elementor-element-57d0bd6e elementor-widget elementor-widget-heading bdevs-el heading\" data-id=\"57d0bd6e\" data-element_type=\"widget\" data-e-type=\"widget\" data-settings=\"{&quot;design_style&quot;:&quot;style_1&quot;}\" data-widget_type=\"heading.default\">\n\t\t\t\t<div class=\"elementor-widget-container\">\n\t\t\t\t\t\n        \n                                    <div class=\"section-title-wrapper section-title-pl-55 bdevs-el-content\">\n                                                <h3 class=\"section-title bdevs-el-title  bdevs-el-btn\">3. Schedule &amp; Budget Certainty<\/h3>                                            <\/div>\n\n                            \n    \t\t\t\t<\/div>\n\t\t\t\t<\/div>\n\t\t\t\t<div class=\"elementor-element elementor-element-32bf66ce elementor-widget elementor-widget-text-editor\" data-id=\"32bf66ce\" data-element_type=\"widget\" data-e-type=\"widget\" data-widget_type=\"text-editor.default\">\n\t\t\t\t\t\t\t\t\t<p data-path-to-node=\"15\">We understand that time is money. Our management team utilizes advanced scheduling techniques to ensure that project phases are completed in the correct sequence and within the agreed financial framework.<\/p><ul data-path-to-node=\"16\"><li><p data-path-to-node=\"16,0,0\">Fixed-price or cost-plus contract options.<\/p><\/li><li><p data-path-to-node=\"16,1,0\">Proactive risk management to prevent budget creep.<\/p><\/li><li><p data-path-to-node=\"16,2,0\">Milestone-based reporting for full transparency.<\/p><\/li><\/ul>\t\t\t\t\t\t\t\t<\/div>\n\t\t\t\t<\/div>\n\t\t\t\t<\/div>\n\t\t\t\t<div class=\"elementor-element elementor-element-19f5ef0e elementor-widget elementor-widget-heading bdevs-el heading\" data-id=\"19f5ef0e\" data-element_type=\"widget\" data-e-type=\"widget\" data-settings=\"{&quot;design_style&quot;:&quot;style_1&quot;}\" data-widget_type=\"heading.default\">\n\t\t\t\t<div class=\"elementor-widget-container\">\n\t\t\t\t\t\n        \n                                    <div class=\"section-title-wrapper section-title-pl-55 bdevs-el-content\">\n                                                <h3 class=\"section-title bdevs-el-title  bdevs-el-btn\">Why FlexiHub as Your General Contractor?<\/h3>                                            <\/div>\n\n                            \n    \t\t\t\t<\/div>\n\t\t\t\t<\/div>\n\t\t\t\t<div class=\"elementor-element elementor-element-3d955e12 elementor-widget elementor-widget-text-editor\" data-id=\"3d955e12\" data-element_type=\"widget\" data-e-type=\"widget\" data-widget_type=\"text-editor.default\">\n\t\t\t\t\t\t\t\t\t<ul><li><p data-path-to-node=\"19,0,0\"><b data-path-to-node=\"19,0,0\" data-index-in-node=\"0\">Proven Expertise:<\/b> Our leadership team brings decades of technical experience to the table, solving complex engineering challenges before they reach the field.<\/p><\/li><li><p data-path-to-node=\"19,1,0\"><b data-path-to-node=\"19,1,0\" data-index-in-node=\"0\">Network of Professionals:<\/b> We leverage a vast network of vetted subcontractors and reliable material suppliers across Poland.<\/p><\/li><li><p data-path-to-node=\"19,2,0\"><b data-path-to-node=\"19,2,0\" data-index-in-node=\"0\">The &#8222;Hub&#8221; Advantage:<\/b> By combining our contracting power with our in-house staffing (Outsourcing) and management (Consulting) capabilities, we offer a level of flexibility other contractors cannot match.<\/p><\/li><\/ul>\t\t\t\t\t\t\t\t<\/div>\n\t\t\t\t<div class=\"elementor-element elementor-element-a47e990 elementor-widget elementor-widget-heading bdevs-el heading\" data-id=\"a47e990\" data-element_type=\"widget\" data-e-type=\"widget\" data-settings=\"{&quot;design_style&quot;:&quot;style_1&quot;}\" data-widget_type=\"heading.default\">\n\t\t\t\t<div class=\"elementor-widget-container\">\n\t\t\t\t\t\n        \n                                    <div class=\"section-title-wrapper section-title-pl-55 bdevs-el-content\">\n                                                <h3 class=\"section-title bdevs-el-title  bdevs-el-btn\">From Concept to Completion<\/h3>                                            <\/div>\n\n                            \n    \t\t\t\t<\/div>\n\t\t\t\t<\/div>\n\t\t\t\t<div class=\"elementor-element elementor-element-ea1d0ce elementor-widget elementor-widget-text-editor\" data-id=\"ea1d0ce\" data-element_type=\"widget\" data-e-type=\"widget\" data-widget_type=\"text-editor.default\">\n\t\t\t\t\t\t\t\t\t<p>Whether it is a commercial development, an industrial facility, or a complex residential project, <b data-path-to-node=\"22\" data-index-in-node=\"98\">FlexiHub<\/b> provides the stability and expertise needed to turn architectural drawings into physical reality. We don&#8217;t just build structures; we build trust through performance.<\/p>\t\t\t\t\t\t\t\t<\/div>\n\t\t\t\t<\/div>\n\t\t\t\t<\/div>\n\t\t","protected":false},"excerpt":{"rendered":"<p>Jedno \u017ar\u00f3d\u0142o odpowiedzialno\u015bci. Pe\u0142ne rozliczenie projektu. Wybieraj\u0105c FlexiHub jako swojego Generalnego Wykonawc\u0119, zyskujesz co\u015b wi\u0119cej ni\u017c tylko firm\u0119 budowlan\u0105 \u2014 zyskujesz oddanego partnera zaanga\u017cowanego w sukces ca\u0142ego Twojego przedsi\u0119wzi\u0119cia. Przejmujemy pe\u0142n\u0105 odpowiedzialno\u015b\u0107 za plac budowy, zarz\u0105dzaj\u0105c ka\u017cd\u0105 zmienn\u0105 \u2014 od pierwszego wbicia \u0142opaty po moment przekazania kluczy. Nasze us\u0142ugi generalnego wykonawstwa opieraj\u0105 si\u0119 na fundamencie [&hellip;]<\/p>\n","protected":false},"author":1,"featured_media":0,"parent":0,"menu_order":0,"comment_status":"closed","ping_status":"closed","template":"","meta":{"_acf_changed":false,"footnotes":""},"class_list":["post-3211","page","type-page","status-publish","hentry"],"acf":[],"_links":{"self":[{"href":"https:\/\/www.flexihub.com.pl\/pl\/wp-json\/wp\/v2\/pages\/3211","targetHints":{"allow":["GET"]}}],"collection":[{"href":"https:\/\/www.flexihub.com.pl\/pl\/wp-json\/wp\/v2\/pages"}],"about":[{"href":"https:\/\/www.flexihub.com.pl\/pl\/wp-json\/wp\/v2\/types\/page"}],"author":[{"embeddable":true,"href":"https:\/\/www.flexihub.com.pl\/pl\/wp-json\/wp\/v2\/users\/1"}],"replies":[{"embeddable":true,"href":"https:\/\/www.flexihub.com.pl\/pl\/wp-json\/wp\/v2\/comments?post=3211"}],"version-history":[{"count":4,"href":"https:\/\/www.flexihub.com.pl\/pl\/wp-json\/wp\/v2\/pages\/3211\/revisions"}],"predecessor-version":[{"id":3276,"href":"https:\/\/www.flexihub.com.pl\/pl\/wp-json\/wp\/v2\/pages\/3211\/revisions\/3276"}],"wp:attachment":[{"href":"https:\/\/www.flexihub.com.pl\/pl\/wp-json\/wp\/v2\/media?parent=3211"}],"curies":[{"name":"wp","href":"https:\/\/api.w.org\/{rel}","templated":true}]}}